{"id":10416,"date":"2025-04-06T08:13:01","date_gmt":"2025-04-06T07:13:01","guid":{"rendered":"https:\/\/emk.hr\/?page_id=10416"},"modified":"2025-06-03T09:46:19","modified_gmt":"2025-06-03T08:46:19","slug":"foster","status":"publish","type":"page","link":"https:\/\/emk.hr\/en\/foster\/","title":{"rendered":"FOSTER"},"content":{"rendered":"\t\t<div data-elementor-type=\"wp-post\" data-elementor-id=\"10416\" class=\"elementor elementor-10416 elementor-9949\" data-elementor-post-type=\"page\">\n\t\t\t\t\t\t<section class=\"elementor-section elementor-top-section elementor-element elementor-element-247451ea elementor-hidden-desktop elementor-section-boxed elementor-section-height-default elementor-section-height-default\" data-id=\"247451ea\" data-element_type=\"section\" data-settings=\"{&quot;background_background&quot;:&quot;gradient&quot;,&quot;mdp_selection_sticky_effect_enable&quot;:false}\">\n\t\t\t\t\t\t\t<div class=\"elementor-background-overlay\"><\/div>\n\t\t\t\t\t\t\t<div class=\"elementor-container elementor-column-gap-default\">\n\t\t\t\t\t<div class=\"elementor-column elementor-col-100 elementor-top-column elementor-element elementor-element-146abd2e\" data-id=\"146abd2e\" data-element_type=\"column\" data-settings=\"{&quot;mdp_selection_sticky_column_effect_enable&quot;:false}\">\n\t\t\t<div class=\"elementor-widget-wrap\">\n\t\t\t\t\t\t\t<\/div>\n\t\t<\/div>\n\t\t\t\t\t<\/div>\n\t\t<\/section>\n\t\t\t\t<section class=\"elementor-section elementor-top-section elementor-element elementor-element-03f7e39 elementor-section-boxed elementor-section-height-default elementor-section-height-default\" data-id=\"03f7e39\" data-element_type=\"section\" data-settings=\"{&quot;background_background&quot;:&quot;classic&quot;,&quot;mdp_selection_sticky_effect_enable&quot;:false}\">\n\t\t\t\t\t\t<div class=\"elementor-container elementor-column-gap-default\">\n\t\t\t\t\t<div class=\"elementor-column elementor-col-50 elementor-top-column elementor-element elementor-element-4c9d402\" data-id=\"4c9d402\" data-element_type=\"column\" data-settings=\"{&quot;background_background&quot;:&quot;classic&quot;,&quot;mdp_selection_sticky_column_effect_enable&quot;:false}\">\n\t\t\t<div class=\"elementor-widget-wrap elementor-element-populated\">\n\t\t\t\t<div class=\"elementor-element elementor-element-9ae309a e-con-full e-flex e-con e-parent\" data-id=\"9ae309a\" data-element_type=\"container\" data-settings=\"{&quot;background_background&quot;:&quot;classic&quot;}\">\n\t\t<div class=\"elementor-element elementor-element-0675c1a e-con-full e-flex e-con e-child\" data-id=\"0675c1a\" data-element_type=\"container\">\n\t\t\t\t<div class=\"elementor-element elementor-element-d9d2408 elementor-widget elementor-widget-image\" data-id=\"d9d2408\" data-element_type=\"widget\" data-widget_type=\"image.default\">\n\t\t\t\t<div class=\"elementor-widget-container\">\n\t\t\t\t\t\t\t\t\t\t\t\t\t\t\t<img fetchpriority=\"high\" decoding=\"async\" width=\"1000\" height=\"173\" src=\"https:\/\/emk.hr\/wp-content\/uploads\/2025\/06\/Foster_bezpozadine.png\" class=\"attachment-full size-full wp-image-11144\" alt=\"\" srcset=\"https:\/\/emk.hr\/wp-content\/uploads\/2025\/06\/Foster_bezpozadine.png 1000w, https:\/\/emk.hr\/wp-content\/uploads\/2025\/06\/Foster_bezpozadine-300x52.png 300w, https:\/\/emk.hr\/wp-content\/uploads\/2025\/06\/Foster_bezpozadine-768x133.png 768w, https:\/\/emk.hr\/wp-content\/uploads\/2025\/06\/Foster_bezpozadine-990x171.png 990w, https:\/\/emk.hr\/wp-content\/uploads\/2025\/06\/Foster_bezpozadine-441x76.png 441w, https:\/\/emk.hr\/wp-content\/uploads\/2025\/06\/Foster_bezpozadine-800x138.png 800w, https:\/\/emk.hr\/wp-content\/uploads\/2025\/06\/Foster_bezpozadine-150x26.png 150w\" sizes=\"(max-width: 360px) 147px, (max-width: 1000px) 100vw, 1000px\" \/>\t\t\t\t\t\t\t\t\t\t\t\t\t\t\t<\/div>\n\t\t\t\t<\/div>\n\t\t\t\t<div class=\"elementor-element elementor-element-a9a870e elementor-widget elementor-widget-spacer\" data-id=\"a9a870e\" data-element_type=\"widget\" data-widget_type=\"spacer.default\">\n\t\t\t\t<div class=\"elementor-widget-container\">\n\t\t\t\t\t\t\t<div class=\"elementor-spacer\">\n\t\t\t<div class=\"elementor-spacer-inner\"><\/div>\n\t\t<\/div>\n\t\t\t\t\t\t<\/div>\n\t\t\t\t<\/div>\n\t\t\t\t<div class=\"elementor-element elementor-element-0d7dc2f elementor-widget elementor-widget-text-editor\" data-id=\"0d7dc2f\" data-element_type=\"widget\" data-widget_type=\"text-editor.default\">\n\t\t\t\t<div class=\"elementor-widget-container\">\n\t\t\t\t\t\t\t\t\t<p class=\"p2\">Foster is an Italian company that manufactures kitchen appliances such as hoods, sinks, faucets and hobs.<br \/>The company was founded in 1973 and operates in more than 50 countries. The exclusive finishes of the steel from which their products are made give the company a distinctive look and a unique shine, combining unsurpassed aesthetics with great ease of cleaning, while ensuring the high durability of the products themselves.<\/p>\t\t\t\t\t\t\t\t<\/div>\n\t\t\t\t<\/div>\n\t\t\t\t<div class=\"elementor-element elementor-element-172cd36 elementor-widget elementor-widget-text-editor\" data-id=\"172cd36\" data-element_type=\"widget\" data-widget_type=\"text-editor.default\">\n\t\t\t\t<div class=\"elementor-widget-container\">\n\t\t\t\t\t\t\t\t\t<p class=\"p2\"><a href=\"https:\/\/www.fosterspa.com\/\">More&#8230;<\/a><\/p>\t\t\t\t\t\t\t\t<\/div>\n\t\t\t\t<\/div>\n\t\t\t\t<\/div>\n\t\t\t\t<\/div>\n\t\t\t\t\t<\/div>\n\t\t<\/div>\n\t\t\t\t<div class=\"elementor-column elementor-col-50 elementor-top-column elementor-element elementor-element-aabcd36\" data-id=\"aabcd36\" data-element_type=\"column\" data-settings=\"{&quot;mdp_selection_sticky_column_effect_enable&quot;:false}\">\n\t\t\t<div class=\"elementor-widget-wrap elementor-element-populated\">\n\t\t\t\t\t\t<div class=\"elementor-element elementor-element-0879816 elementor-widget elementor-widget-spacer\" data-id=\"0879816\" data-element_type=\"widget\" data-widget_type=\"spacer.default\">\n\t\t\t\t<div class=\"elementor-widget-container\">\n\t\t\t\t\t\t\t<div class=\"elementor-spacer\">\n\t\t\t<div class=\"elementor-spacer-inner\"><\/div>\n\t\t<\/div>\n\t\t\t\t\t\t<\/div>\n\t\t\t\t<\/div>\n\t\t<div class=\"elementor-element elementor-element-7cc1f9b e-con-full e-flex e-con e-parent\" data-id=\"7cc1f9b\" data-element_type=\"container\">\n\t\t\t\t<div class=\"elementor-element elementor-element-9080bdc elementor-widget elementor-widget-image\" data-id=\"9080bdc\" data-element_type=\"widget\" data-widget_type=\"image.default\">\n\t\t\t\t<div class=\"elementor-widget-container\">\n\t\t\t\t\t\t\t\t\t\t\t\t\t\t\t<img decoding=\"async\" width=\"1024\" height=\"576\" src=\"https:\/\/emk.hr\/wp-content\/uploads\/2025\/06\/FOSTER-1024x576.png\" class=\"attachment-large size-large wp-image-11219\" alt=\"\" srcset=\"https:\/\/emk.hr\/wp-content\/uploads\/2025\/06\/FOSTER-1024x576.png 1024w, https:\/\/emk.hr\/wp-content\/uploads\/2025\/06\/FOSTER-300x169.png 300w, https:\/\/emk.hr\/wp-content\/uploads\/2025\/06\/FOSTER-768x432.png 768w, https:\/\/emk.hr\/wp-content\/uploads\/2025\/06\/FOSTER-1536x864.png 1536w, https:\/\/emk.hr\/wp-content\/uploads\/2025\/06\/FOSTER-990x557.png 990w, https:\/\/emk.hr\/wp-content\/uploads\/2025\/06\/FOSTER-441x248.png 441w, https:\/\/emk.hr\/wp-content\/uploads\/2025\/06\/FOSTER-800x450.png 800w, https:\/\/emk.hr\/wp-content\/uploads\/2025\/06\/FOSTER-150x84.png 150w, https:\/\/emk.hr\/wp-content\/uploads\/2025\/06\/FOSTER.png 1920w\" sizes=\"(max-width: 360px) 147px, (max-width: 1024px) 100vw, 1024px\" \/>\t\t\t\t\t\t\t\t\t\t\t\t\t\t\t<\/div>\n\t\t\t\t<\/div>\n\t\t\t\t<\/div>\n\t\t\t\t\t<\/div>\n\t\t<\/div>\n\t\t\t\t\t<\/div>\n\t\t<\/section>\n\t\t\t\t<\/div>\n\t\t","protected":false},"excerpt":{"rendered":"<p>Foster is an Italian company that manufactures kitchen appliances such as hoods, sinks, faucets and hobs.The company was founded in 1973 and operates in more than 50 countries. The exclusive finishes of the steel from which their products are made give the company a distinctive look and a unique shine, combining unsurpassed aesthetics with great [&hellip;]<\/p>\n","protected":false},"author":1,"featured_media":0,"parent":0,"menu_order":5,"comment_status":"closed","ping_status":"closed","template":"template-canvas.php","meta":{"footnotes":""},"class_list":["post-10416","page","type-page","status-publish","hentry"],"yoast_head":"<!-- This site is optimized with the Yoast SEO plugin v27.3 - https:\/\/yoast.com\/product\/yoast-seo-wordpress\/ -->\n<title>FOSTER - Elektro mehanika Kova\u010di\u0107<\/title>\n<meta name=\"robots\" content=\"index, follow, max-snippet:-1, max-image-preview:large, max-video-preview:-1\" \/>\n<link rel=\"canonical\" href=\"https:\/\/emk.hr\/en\/foster\/\" \/>\n<meta property=\"og:locale\" content=\"en_US\" \/>\n<meta property=\"og:type\" content=\"article\" \/>\n<meta property=\"og:title\" content=\"FOSTER - Elektro mehanika Kova\u010di\u0107\" \/>\n<meta property=\"og:description\" content=\"Foster is an Italian company that manufactures kitchen appliances such as hoods, sinks, faucets and hobs.The company was founded in 1973 and operates in more than 50 countries. The exclusive finishes of the steel from which their products are made give the company a distinctive look and a unique shine, combining unsurpassed aesthetics with great [&hellip;]\" \/>\n<meta property=\"og:url\" content=\"https:\/\/emk.hr\/en\/foster\/\" \/>\n<meta property=\"og:site_name\" content=\"Elektro mehanika Kova\u010di\u0107\" \/>\n<meta property=\"article:modified_time\" content=\"2025-06-03T08:46:19+00:00\" \/>\n<meta property=\"og:image\" content=\"https:\/\/emk.hr\/wp-content\/uploads\/2025\/06\/Foster_bezpozadine.png\" \/>\n\t<meta property=\"og:image:width\" content=\"1000\" \/>\n\t<meta property=\"og:image:height\" content=\"173\" \/>\n\t<meta property=\"og:image:type\" content=\"image\/png\" \/>\n<meta name=\"twitter:card\" content=\"summary_large_image\" \/>\n<meta name=\"twitter:label1\" content=\"Est. reading time\" \/>\n\t<meta name=\"twitter:data1\" content=\"1 minute\" \/>\n<script type=\"application\/ld+json\" class=\"yoast-schema-graph\">{\"@context\":\"https:\\\/\\\/schema.org\",\"@graph\":[{\"@type\":\"WebPage\",\"@id\":\"https:\\\/\\\/emk.hr\\\/en\\\/foster\\\/\",\"url\":\"https:\\\/\\\/emk.hr\\\/en\\\/foster\\\/\",\"name\":\"FOSTER - Elektro mehanika Kova\u010di\u0107\",\"isPartOf\":{\"@id\":\"https:\\\/\\\/emk.hr\\\/#website\"},\"primaryImageOfPage\":{\"@id\":\"https:\\\/\\\/emk.hr\\\/en\\\/foster\\\/#primaryimage\"},\"image\":{\"@id\":\"https:\\\/\\\/emk.hr\\\/en\\\/foster\\\/#primaryimage\"},\"thumbnailUrl\":\"https:\\\/\\\/emk.hr\\\/wp-content\\\/uploads\\\/2025\\\/06\\\/Foster_bezpozadine.png\",\"datePublished\":\"2025-04-06T07:13:01+00:00\",\"dateModified\":\"2025-06-03T08:46:19+00:00\",\"breadcrumb\":{\"@id\":\"https:\\\/\\\/emk.hr\\\/en\\\/foster\\\/#breadcrumb\"},\"inLanguage\":\"en-US\",\"potentialAction\":[{\"@type\":\"ReadAction\",\"target\":[\"https:\\\/\\\/emk.hr\\\/en\\\/foster\\\/\"]}]},{\"@type\":\"ImageObject\",\"inLanguage\":\"en-US\",\"@id\":\"https:\\\/\\\/emk.hr\\\/en\\\/foster\\\/#primaryimage\",\"url\":\"https:\\\/\\\/emk.hr\\\/wp-content\\\/uploads\\\/2025\\\/06\\\/Foster_bezpozadine.png\",\"contentUrl\":\"https:\\\/\\\/emk.hr\\\/wp-content\\\/uploads\\\/2025\\\/06\\\/Foster_bezpozadine.png\"},{\"@type\":\"BreadcrumbList\",\"@id\":\"https:\\\/\\\/emk.hr\\\/en\\\/foster\\\/#breadcrumb\",\"itemListElement\":[{\"@type\":\"ListItem\",\"position\":1,\"name\":\"Home\",\"item\":\"https:\\\/\\\/emk.hr\\\/\"},{\"@type\":\"ListItem\",\"position\":2,\"name\":\"FOSTER\"}]},{\"@type\":\"WebSite\",\"@id\":\"https:\\\/\\\/emk.hr\\\/#website\",\"url\":\"https:\\\/\\\/emk.hr\\\/\",\"name\":\"Elektro mehanika Kova\u010di\u0107\",\"description\":\"Odr\u017eavanje i servis\",\"publisher\":{\"@id\":\"https:\\\/\\\/emk.hr\\\/#organization\"},\"potentialAction\":[{\"@type\":\"SearchAction\",\"target\":{\"@type\":\"EntryPoint\",\"urlTemplate\":\"https:\\\/\\\/emk.hr\\\/?s={search_term_string}\"},\"query-input\":{\"@type\":\"PropertyValueSpecification\",\"valueRequired\":true,\"valueName\":\"search_term_string\"}}],\"inLanguage\":\"en-US\"},{\"@type\":\"Organization\",\"@id\":\"https:\\\/\\\/emk.hr\\\/#organization\",\"name\":\"Elektro mehanika Kova\u010di\u0107\",\"url\":\"https:\\\/\\\/emk.hr\\\/\",\"logo\":{\"@type\":\"ImageObject\",\"inLanguage\":\"en-US\",\"@id\":\"https:\\\/\\\/emk.hr\\\/#\\\/schema\\\/logo\\\/image\\\/\",\"url\":\"https:\\\/\\\/emk.hr\\\/wp-content\\\/uploads\\\/2025\\\/03\\\/cropped-EMK.png\",\"contentUrl\":\"https:\\\/\\\/emk.hr\\\/wp-content\\\/uploads\\\/2025\\\/03\\\/cropped-EMK.png\",\"width\":290,\"height\":87,\"caption\":\"Elektro mehanika Kova\u010di\u0107\"},\"image\":{\"@id\":\"https:\\\/\\\/emk.hr\\\/#\\\/schema\\\/logo\\\/image\\\/\"}}]}<\/script>\n<!-- \/ Yoast SEO plugin. -->","yoast_head_json":{"title":"FOSTER - Elektro mehanika Kova\u010di\u0107","robots":{"index":"index","follow":"follow","max-snippet":"max-snippet:-1","max-image-preview":"max-image-preview:large","max-video-preview":"max-video-preview:-1"},"canonical":"https:\/\/emk.hr\/en\/foster\/","og_locale":"en_US","og_type":"article","og_title":"FOSTER - Elektro mehanika Kova\u010di\u0107","og_description":"Foster is an Italian company that manufactures kitchen appliances such as hoods, sinks, faucets and hobs.The company was founded in 1973 and operates in more than 50 countries. The exclusive finishes of the steel from which their products are made give the company a distinctive look and a unique shine, combining unsurpassed aesthetics with great [&hellip;]","og_url":"https:\/\/emk.hr\/en\/foster\/","og_site_name":"Elektro mehanika Kova\u010di\u0107","article_modified_time":"2025-06-03T08:46:19+00:00","og_image":[{"width":1000,"height":173,"url":"https:\/\/emk.hr\/wp-content\/uploads\/2025\/06\/Foster_bezpozadine.png","type":"image\/png"}],"twitter_card":"summary_large_image","twitter_misc":{"Est. reading time":"1 minute"},"schema":{"@context":"https:\/\/schema.org","@graph":[{"@type":"WebPage","@id":"https:\/\/emk.hr\/en\/foster\/","url":"https:\/\/emk.hr\/en\/foster\/","name":"FOSTER - Elektro mehanika Kova\u010di\u0107","isPartOf":{"@id":"https:\/\/emk.hr\/#website"},"primaryImageOfPage":{"@id":"https:\/\/emk.hr\/en\/foster\/#primaryimage"},"image":{"@id":"https:\/\/emk.hr\/en\/foster\/#primaryimage"},"thumbnailUrl":"https:\/\/emk.hr\/wp-content\/uploads\/2025\/06\/Foster_bezpozadine.png","datePublished":"2025-04-06T07:13:01+00:00","dateModified":"2025-06-03T08:46:19+00:00","breadcrumb":{"@id":"https:\/\/emk.hr\/en\/foster\/#breadcrumb"},"inLanguage":"en-US","potentialAction":[{"@type":"ReadAction","target":["https:\/\/emk.hr\/en\/foster\/"]}]},{"@type":"ImageObject","inLanguage":"en-US","@id":"https:\/\/emk.hr\/en\/foster\/#primaryimage","url":"https:\/\/emk.hr\/wp-content\/uploads\/2025\/06\/Foster_bezpozadine.png","contentUrl":"https:\/\/emk.hr\/wp-content\/uploads\/2025\/06\/Foster_bezpozadine.png"},{"@type":"BreadcrumbList","@id":"https:\/\/emk.hr\/en\/foster\/#breadcrumb","itemListElement":[{"@type":"ListItem","position":1,"name":"Home","item":"https:\/\/emk.hr\/"},{"@type":"ListItem","position":2,"name":"FOSTER"}]},{"@type":"WebSite","@id":"https:\/\/emk.hr\/#website","url":"https:\/\/emk.hr\/","name":"Elektro mehanika Kova\u010di\u0107","description":"Odr\u017eavanje i servis","publisher":{"@id":"https:\/\/emk.hr\/#organization"},"potentialAction":[{"@type":"SearchAction","target":{"@type":"EntryPoint","urlTemplate":"https:\/\/emk.hr\/?s={search_term_string}"},"query-input":{"@type":"PropertyValueSpecification","valueRequired":true,"valueName":"search_term_string"}}],"inLanguage":"en-US"},{"@type":"Organization","@id":"https:\/\/emk.hr\/#organization","name":"Elektro mehanika Kova\u010di\u0107","url":"https:\/\/emk.hr\/","logo":{"@type":"ImageObject","inLanguage":"en-US","@id":"https:\/\/emk.hr\/#\/schema\/logo\/image\/","url":"https:\/\/emk.hr\/wp-content\/uploads\/2025\/03\/cropped-EMK.png","contentUrl":"https:\/\/emk.hr\/wp-content\/uploads\/2025\/03\/cropped-EMK.png","width":290,"height":87,"caption":"Elektro mehanika Kova\u010di\u0107"},"image":{"@id":"https:\/\/emk.hr\/#\/schema\/logo\/image\/"}}]}},"_links":{"self":[{"href":"https:\/\/emk.hr\/en\/wp-json\/wp\/v2\/pages\/10416","targetHints":{"allow":["GET"]}}],"collection":[{"href":"https:\/\/emk.hr\/en\/wp-json\/wp\/v2\/pages"}],"about":[{"href":"https:\/\/emk.hr\/en\/wp-json\/wp\/v2\/types\/page"}],"author":[{"embeddable":true,"href":"https:\/\/emk.hr\/en\/wp-json\/wp\/v2\/users\/1"}],"replies":[{"embeddable":true,"href":"https:\/\/emk.hr\/en\/wp-json\/wp\/v2\/comments?post=10416"}],"version-history":[{"count":7,"href":"https:\/\/emk.hr\/en\/wp-json\/wp\/v2\/pages\/10416\/revisions"}],"predecessor-version":[{"id":11223,"href":"https:\/\/emk.hr\/en\/wp-json\/wp\/v2\/pages\/10416\/revisions\/11223"}],"wp:attachment":[{"href":"https:\/\/emk.hr\/en\/wp-json\/wp\/v2\/media?parent=10416"}],"curies":[{"name":"wp","href":"https:\/\/api.w.org\/{rel}","templated":true}]}}