{"id":10429,"date":"2025-04-06T08:18:12","date_gmt":"2025-04-06T07:18:12","guid":{"rendered":"https:\/\/emk.hr\/?page_id=10429"},"modified":"2025-06-03T09:43:57","modified_gmt":"2025-06-03T08:43:57","slug":"bora","status":"publish","type":"page","link":"https:\/\/emk.hr\/en\/bora\/","title":{"rendered":"BORA"},"content":{"rendered":"\t\t<div data-elementor-type=\"wp-post\" data-elementor-id=\"10429\" class=\"elementor elementor-10429 elementor-10018\" data-elementor-post-type=\"page\">\n\t\t\t\t\t\t<section class=\"elementor-section elementor-top-section elementor-element elementor-element-247451ea elementor-section-boxed elementor-section-height-default elementor-section-height-default\" data-id=\"247451ea\" data-element_type=\"section\" data-settings=\"{&quot;background_background&quot;:&quot;gradient&quot;,&quot;mdp_selection_sticky_effect_enable&quot;:false}\">\n\t\t\t\t\t\t\t<div class=\"elementor-background-overlay\"><\/div>\n\t\t\t\t\t\t\t<div class=\"elementor-container elementor-column-gap-default\">\n\t\t\t\t\t<div class=\"elementor-column elementor-col-100 elementor-top-column elementor-element elementor-element-146abd2e\" data-id=\"146abd2e\" data-element_type=\"column\" data-settings=\"{&quot;mdp_selection_sticky_column_effect_enable&quot;:false}\">\n\t\t\t<div class=\"elementor-widget-wrap\">\n\t\t\t\t\t\t\t<\/div>\n\t\t<\/div>\n\t\t\t\t\t<\/div>\n\t\t<\/section>\n\t\t\t\t<section class=\"elementor-section elementor-top-section elementor-element elementor-element-de7ef5b elementor-section-boxed elementor-section-height-default elementor-section-height-default\" data-id=\"de7ef5b\" data-element_type=\"section\" data-settings=\"{&quot;background_background&quot;:&quot;classic&quot;,&quot;mdp_selection_sticky_effect_enable&quot;:false}\">\n\t\t\t\t\t\t<div class=\"elementor-container elementor-column-gap-default\">\n\t\t\t\t\t<div class=\"elementor-column elementor-col-50 elementor-top-column elementor-element elementor-element-92c4e54\" data-id=\"92c4e54\" data-element_type=\"column\" data-settings=\"{&quot;background_background&quot;:&quot;classic&quot;,&quot;mdp_selection_sticky_column_effect_enable&quot;:false}\">\n\t\t\t<div class=\"elementor-widget-wrap elementor-element-populated\">\n\t\t\t\t<div class=\"elementor-element elementor-element-ae62d7c e-con-full e-flex e-con e-parent\" data-id=\"ae62d7c\" data-element_type=\"container\" data-settings=\"{&quot;background_background&quot;:&quot;classic&quot;}\">\n\t\t<div class=\"elementor-element elementor-element-72976a9 e-con-full e-flex e-con e-child\" data-id=\"72976a9\" data-element_type=\"container\">\n\t\t\t\t<div class=\"elementor-element elementor-element-8e4156a elementor-widget elementor-widget-image\" data-id=\"8e4156a\" data-element_type=\"widget\" data-widget_type=\"image.default\">\n\t\t\t\t<div class=\"elementor-widget-container\">\n\t\t\t\t\t\t\t\t\t\t\t\t\t\t\t<img fetchpriority=\"high\" decoding=\"async\" width=\"2560\" height=\"508\" src=\"https:\/\/emk.hr\/wp-content\/uploads\/2025\/06\/Bora-scaled.png\" class=\"attachment-full size-full wp-image-11154\" alt=\"\" srcset=\"https:\/\/emk.hr\/wp-content\/uploads\/2025\/06\/Bora-scaled.png 2560w, https:\/\/emk.hr\/wp-content\/uploads\/2025\/06\/Bora-300x60.png 300w, https:\/\/emk.hr\/wp-content\/uploads\/2025\/06\/Bora-1024x203.png 1024w, https:\/\/emk.hr\/wp-content\/uploads\/2025\/06\/Bora-768x152.png 768w, https:\/\/emk.hr\/wp-content\/uploads\/2025\/06\/Bora-1536x305.png 1536w, https:\/\/emk.hr\/wp-content\/uploads\/2025\/06\/Bora-2048x407.png 2048w, https:\/\/emk.hr\/wp-content\/uploads\/2025\/06\/Bora-990x197.png 990w, https:\/\/emk.hr\/wp-content\/uploads\/2025\/06\/Bora-441x88.png 441w, https:\/\/emk.hr\/wp-content\/uploads\/2025\/06\/Bora-800x159.png 800w, https:\/\/emk.hr\/wp-content\/uploads\/2025\/06\/Bora-150x30.png 150w\" sizes=\"(max-width: 360px) 147px, (max-width: 2560px) 100vw, 2560px\" \/>\t\t\t\t\t\t\t\t\t\t\t\t\t\t\t<\/div>\n\t\t\t\t<\/div>\n\t\t\t\t<div class=\"elementor-element elementor-element-6602373 elementor-widget elementor-widget-spacer\" data-id=\"6602373\" data-element_type=\"widget\" data-widget_type=\"spacer.default\">\n\t\t\t\t<div class=\"elementor-widget-container\">\n\t\t\t\t\t\t\t<div class=\"elementor-spacer\">\n\t\t\t<div class=\"elementor-spacer-inner\"><\/div>\n\t\t<\/div>\n\t\t\t\t\t\t<\/div>\n\t\t\t\t<\/div>\n\t\t\t\t<div class=\"elementor-element elementor-element-397949a elementor-widget elementor-widget-text-editor\" data-id=\"397949a\" data-element_type=\"widget\" data-widget_type=\"text-editor.default\">\n\t\t\t\t<div class=\"elementor-widget-container\">\n\t\t\t\t\t\t\t\t\t<p>BORA is a German brand specialized in the production of high-quality cooking appliances, especially steam and grease extraction systems.<\/p><p>BORA was founded in 2007 in Germany. It is a pioneer in the kitchen appliance industry when it comes to designs that integrate ventilation with kitchen hobs. Their extraction system is very efficient and discreet, they constantly invest in innovation, and many of their products have been awarded for design and functionality.<\/p><p>BORA products are highly regarded for their performance, quality and modern design.<\/p><p>The company focuses on sophisticated and elegant products that easily fit into modern kitchens. It is dedicated to sustainability and ecological principles in production. The company uses high-quality materials that are durable and energy-efficient, which contributes to lower resource consumption and long-term energy savings. Although it is a relatively young brand, BORA has become recognizable on the global market, and its products are present in many countries around the world. The company has expanded to markets such as the USA, Canada, Australia and others.<\/p>\t\t\t\t\t\t\t\t<\/div>\n\t\t\t\t<\/div>\n\t\t\t\t<div class=\"elementor-element elementor-element-754d985 elementor-widget elementor-widget-text-editor\" data-id=\"754d985\" data-element_type=\"widget\" data-widget_type=\"text-editor.default\">\n\t\t\t\t<div class=\"elementor-widget-container\">\n\t\t\t\t\t\t\t\t\t<p class=\"p2\"><a href=\"https:\/\/www.bora.com\/en-int\">More&#8230;<\/a><\/p>\t\t\t\t\t\t\t\t<\/div>\n\t\t\t\t<\/div>\n\t\t\t\t<\/div>\n\t\t\t\t<\/div>\n\t\t\t\t\t<\/div>\n\t\t<\/div>\n\t\t\t\t<div class=\"elementor-column elementor-col-50 elementor-top-column elementor-element elementor-element-aaa06dc\" data-id=\"aaa06dc\" data-element_type=\"column\" data-settings=\"{&quot;background_background&quot;:&quot;classic&quot;,&quot;mdp_selection_sticky_column_effect_enable&quot;:false}\">\n\t\t\t<div class=\"elementor-widget-wrap elementor-element-populated\">\n\t\t\t\t\t\t<div class=\"elementor-element elementor-element-23b3d5f elementor-widget elementor-widget-spacer\" data-id=\"23b3d5f\" data-element_type=\"widget\" data-widget_type=\"spacer.default\">\n\t\t\t\t<div class=\"elementor-widget-container\">\n\t\t\t\t\t\t\t<div class=\"elementor-spacer\">\n\t\t\t<div class=\"elementor-spacer-inner\"><\/div>\n\t\t<\/div>\n\t\t\t\t\t\t<\/div>\n\t\t\t\t<\/div>\n\t\t\t\t<div class=\"elementor-element elementor-element-dcf9fea elementor-widget elementor-widget-image\" data-id=\"dcf9fea\" data-element_type=\"widget\" data-widget_type=\"image.default\">\n\t\t\t\t<div class=\"elementor-widget-container\">\n\t\t\t\t\t\t\t\t\t\t\t\t\t\t\t<img decoding=\"async\" width=\"1920\" height=\"1080\" src=\"https:\/\/emk.hr\/wp-content\/uploads\/2025\/06\/BORA.jpg\" class=\"attachment-full size-full wp-image-11209\" alt=\"\" srcset=\"https:\/\/emk.hr\/wp-content\/uploads\/2025\/06\/BORA.jpg 1920w, https:\/\/emk.hr\/wp-content\/uploads\/2025\/06\/BORA-300x169.jpg 300w, https:\/\/emk.hr\/wp-content\/uploads\/2025\/06\/BORA-1024x576.jpg 1024w, https:\/\/emk.hr\/wp-content\/uploads\/2025\/06\/BORA-768x432.jpg 768w, https:\/\/emk.hr\/wp-content\/uploads\/2025\/06\/BORA-1536x864.jpg 1536w, https:\/\/emk.hr\/wp-content\/uploads\/2025\/06\/BORA-990x557.jpg 990w, https:\/\/emk.hr\/wp-content\/uploads\/2025\/06\/BORA-441x248.jpg 441w, https:\/\/emk.hr\/wp-content\/uploads\/2025\/06\/BORA-800x450.jpg 800w, https:\/\/emk.hr\/wp-content\/uploads\/2025\/06\/BORA-150x84.jpg 150w\" sizes=\"(max-width: 360px) 147px, (max-width: 1920px) 100vw, 1920px\" \/>\t\t\t\t\t\t\t\t\t\t\t\t\t\t\t<\/div>\n\t\t\t\t<\/div>\n\t\t\t\t\t<\/div>\n\t\t<\/div>\n\t\t\t\t\t<\/div>\n\t\t<\/section>\n\t\t\t\t<\/div>\n\t\t","protected":false},"excerpt":{"rendered":"<p>BORA is a German brand specialized in the production of high-quality cooking appliances, especially steam and grease extraction systems. BORA was founded in 2007 in Germany. It is a pioneer in the kitchen appliance industry when it comes to designs that integrate ventilation with kitchen hobs. Their extraction system is very efficient and discreet, they [&hellip;]<\/p>\n","protected":false},"author":1,"featured_media":0,"parent":0,"menu_order":7,"comment_status":"closed","ping_status":"closed","template":"template-canvas.php","meta":{"footnotes":""},"class_list":["post-10429","page","type-page","status-publish","hentry"],"yoast_head":"<!-- This site is optimized with the Yoast SEO plugin v27.3 - https:\/\/yoast.com\/product\/yoast-seo-wordpress\/ -->\n<title>BORA - Elektro mehanika Kova\u010di\u0107<\/title>\n<meta name=\"robots\" content=\"index, follow, max-snippet:-1, max-image-preview:large, max-video-preview:-1\" \/>\n<link rel=\"canonical\" href=\"https:\/\/emk.hr\/en\/bora\/\" \/>\n<meta property=\"og:locale\" content=\"en_US\" \/>\n<meta property=\"og:type\" content=\"article\" \/>\n<meta property=\"og:title\" content=\"BORA - Elektro mehanika Kova\u010di\u0107\" \/>\n<meta property=\"og:description\" content=\"BORA is a German brand specialized in the production of high-quality cooking appliances, especially steam and grease extraction systems. BORA was founded in 2007 in Germany. It is a pioneer in the kitchen appliance industry when it comes to designs that integrate ventilation with kitchen hobs. Their extraction system is very efficient and discreet, they [&hellip;]\" \/>\n<meta property=\"og:url\" content=\"https:\/\/emk.hr\/en\/bora\/\" \/>\n<meta property=\"og:site_name\" content=\"Elektro mehanika Kova\u010di\u0107\" \/>\n<meta property=\"article:modified_time\" content=\"2025-06-03T08:43:57+00:00\" \/>\n<meta property=\"og:image\" content=\"https:\/\/emk.hr\/wp-content\/uploads\/2025\/06\/Bora-scaled.png\" \/>\n\t<meta property=\"og:image:width\" content=\"2560\" \/>\n\t<meta property=\"og:image:height\" content=\"508\" \/>\n\t<meta property=\"og:image:type\" content=\"image\/png\" \/>\n<meta name=\"twitter:card\" content=\"summary_large_image\" \/>\n<meta name=\"twitter:label1\" content=\"Est. reading time\" \/>\n\t<meta name=\"twitter:data1\" content=\"2 minutes\" \/>\n<script type=\"application\/ld+json\" class=\"yoast-schema-graph\">{\"@context\":\"https:\\\/\\\/schema.org\",\"@graph\":[{\"@type\":\"WebPage\",\"@id\":\"https:\\\/\\\/emk.hr\\\/en\\\/bora\\\/\",\"url\":\"https:\\\/\\\/emk.hr\\\/en\\\/bora\\\/\",\"name\":\"BORA - Elektro mehanika Kova\u010di\u0107\",\"isPartOf\":{\"@id\":\"https:\\\/\\\/emk.hr\\\/#website\"},\"primaryImageOfPage\":{\"@id\":\"https:\\\/\\\/emk.hr\\\/en\\\/bora\\\/#primaryimage\"},\"image\":{\"@id\":\"https:\\\/\\\/emk.hr\\\/en\\\/bora\\\/#primaryimage\"},\"thumbnailUrl\":\"https:\\\/\\\/emk.hr\\\/wp-content\\\/uploads\\\/2025\\\/06\\\/Bora-scaled.png\",\"datePublished\":\"2025-04-06T07:18:12+00:00\",\"dateModified\":\"2025-06-03T08:43:57+00:00\",\"breadcrumb\":{\"@id\":\"https:\\\/\\\/emk.hr\\\/en\\\/bora\\\/#breadcrumb\"},\"inLanguage\":\"en-US\",\"potentialAction\":[{\"@type\":\"ReadAction\",\"target\":[\"https:\\\/\\\/emk.hr\\\/en\\\/bora\\\/\"]}]},{\"@type\":\"ImageObject\",\"inLanguage\":\"en-US\",\"@id\":\"https:\\\/\\\/emk.hr\\\/en\\\/bora\\\/#primaryimage\",\"url\":\"https:\\\/\\\/emk.hr\\\/wp-content\\\/uploads\\\/2025\\\/06\\\/Bora-scaled.png\",\"contentUrl\":\"https:\\\/\\\/emk.hr\\\/wp-content\\\/uploads\\\/2025\\\/06\\\/Bora-scaled.png\"},{\"@type\":\"BreadcrumbList\",\"@id\":\"https:\\\/\\\/emk.hr\\\/en\\\/bora\\\/#breadcrumb\",\"itemListElement\":[{\"@type\":\"ListItem\",\"position\":1,\"name\":\"Home\",\"item\":\"https:\\\/\\\/emk.hr\\\/\"},{\"@type\":\"ListItem\",\"position\":2,\"name\":\"BORA\"}]},{\"@type\":\"WebSite\",\"@id\":\"https:\\\/\\\/emk.hr\\\/#website\",\"url\":\"https:\\\/\\\/emk.hr\\\/\",\"name\":\"Elektro mehanika Kova\u010di\u0107\",\"description\":\"Odr\u017eavanje i servis\",\"publisher\":{\"@id\":\"https:\\\/\\\/emk.hr\\\/#organization\"},\"potentialAction\":[{\"@type\":\"SearchAction\",\"target\":{\"@type\":\"EntryPoint\",\"urlTemplate\":\"https:\\\/\\\/emk.hr\\\/?s={search_term_string}\"},\"query-input\":{\"@type\":\"PropertyValueSpecification\",\"valueRequired\":true,\"valueName\":\"search_term_string\"}}],\"inLanguage\":\"en-US\"},{\"@type\":\"Organization\",\"@id\":\"https:\\\/\\\/emk.hr\\\/#organization\",\"name\":\"Elektro mehanika Kova\u010di\u0107\",\"url\":\"https:\\\/\\\/emk.hr\\\/\",\"logo\":{\"@type\":\"ImageObject\",\"inLanguage\":\"en-US\",\"@id\":\"https:\\\/\\\/emk.hr\\\/#\\\/schema\\\/logo\\\/image\\\/\",\"url\":\"https:\\\/\\\/emk.hr\\\/wp-content\\\/uploads\\\/2025\\\/03\\\/cropped-EMK.png\",\"contentUrl\":\"https:\\\/\\\/emk.hr\\\/wp-content\\\/uploads\\\/2025\\\/03\\\/cropped-EMK.png\",\"width\":290,\"height\":87,\"caption\":\"Elektro mehanika Kova\u010di\u0107\"},\"image\":{\"@id\":\"https:\\\/\\\/emk.hr\\\/#\\\/schema\\\/logo\\\/image\\\/\"}}]}<\/script>\n<!-- \/ Yoast SEO plugin. -->","yoast_head_json":{"title":"BORA - Elektro mehanika Kova\u010di\u0107","robots":{"index":"index","follow":"follow","max-snippet":"max-snippet:-1","max-image-preview":"max-image-preview:large","max-video-preview":"max-video-preview:-1"},"canonical":"https:\/\/emk.hr\/en\/bora\/","og_locale":"en_US","og_type":"article","og_title":"BORA - Elektro mehanika Kova\u010di\u0107","og_description":"BORA is a German brand specialized in the production of high-quality cooking appliances, especially steam and grease extraction systems. BORA was founded in 2007 in Germany. It is a pioneer in the kitchen appliance industry when it comes to designs that integrate ventilation with kitchen hobs. Their extraction system is very efficient and discreet, they [&hellip;]","og_url":"https:\/\/emk.hr\/en\/bora\/","og_site_name":"Elektro mehanika Kova\u010di\u0107","article_modified_time":"2025-06-03T08:43:57+00:00","og_image":[{"width":2560,"height":508,"url":"https:\/\/emk.hr\/wp-content\/uploads\/2025\/06\/Bora-scaled.png","type":"image\/png"}],"twitter_card":"summary_large_image","twitter_misc":{"Est. reading time":"2 minutes"},"schema":{"@context":"https:\/\/schema.org","@graph":[{"@type":"WebPage","@id":"https:\/\/emk.hr\/en\/bora\/","url":"https:\/\/emk.hr\/en\/bora\/","name":"BORA - Elektro mehanika Kova\u010di\u0107","isPartOf":{"@id":"https:\/\/emk.hr\/#website"},"primaryImageOfPage":{"@id":"https:\/\/emk.hr\/en\/bora\/#primaryimage"},"image":{"@id":"https:\/\/emk.hr\/en\/bora\/#primaryimage"},"thumbnailUrl":"https:\/\/emk.hr\/wp-content\/uploads\/2025\/06\/Bora-scaled.png","datePublished":"2025-04-06T07:18:12+00:00","dateModified":"2025-06-03T08:43:57+00:00","breadcrumb":{"@id":"https:\/\/emk.hr\/en\/bora\/#breadcrumb"},"inLanguage":"en-US","potentialAction":[{"@type":"ReadAction","target":["https:\/\/emk.hr\/en\/bora\/"]}]},{"@type":"ImageObject","inLanguage":"en-US","@id":"https:\/\/emk.hr\/en\/bora\/#primaryimage","url":"https:\/\/emk.hr\/wp-content\/uploads\/2025\/06\/Bora-scaled.png","contentUrl":"https:\/\/emk.hr\/wp-content\/uploads\/2025\/06\/Bora-scaled.png"},{"@type":"BreadcrumbList","@id":"https:\/\/emk.hr\/en\/bora\/#breadcrumb","itemListElement":[{"@type":"ListItem","position":1,"name":"Home","item":"https:\/\/emk.hr\/"},{"@type":"ListItem","position":2,"name":"BORA"}]},{"@type":"WebSite","@id":"https:\/\/emk.hr\/#website","url":"https:\/\/emk.hr\/","name":"Elektro mehanika Kova\u010di\u0107","description":"Odr\u017eavanje i servis","publisher":{"@id":"https:\/\/emk.hr\/#organization"},"potentialAction":[{"@type":"SearchAction","target":{"@type":"EntryPoint","urlTemplate":"https:\/\/emk.hr\/?s={search_term_string}"},"query-input":{"@type":"PropertyValueSpecification","valueRequired":true,"valueName":"search_term_string"}}],"inLanguage":"en-US"},{"@type":"Organization","@id":"https:\/\/emk.hr\/#organization","name":"Elektro mehanika Kova\u010di\u0107","url":"https:\/\/emk.hr\/","logo":{"@type":"ImageObject","inLanguage":"en-US","@id":"https:\/\/emk.hr\/#\/schema\/logo\/image\/","url":"https:\/\/emk.hr\/wp-content\/uploads\/2025\/03\/cropped-EMK.png","contentUrl":"https:\/\/emk.hr\/wp-content\/uploads\/2025\/03\/cropped-EMK.png","width":290,"height":87,"caption":"Elektro mehanika Kova\u010di\u0107"},"image":{"@id":"https:\/\/emk.hr\/#\/schema\/logo\/image\/"}}]}},"_links":{"self":[{"href":"https:\/\/emk.hr\/en\/wp-json\/wp\/v2\/pages\/10429","targetHints":{"allow":["GET"]}}],"collection":[{"href":"https:\/\/emk.hr\/en\/wp-json\/wp\/v2\/pages"}],"about":[{"href":"https:\/\/emk.hr\/en\/wp-json\/wp\/v2\/types\/page"}],"author":[{"embeddable":true,"href":"https:\/\/emk.hr\/en\/wp-json\/wp\/v2\/users\/1"}],"replies":[{"embeddable":true,"href":"https:\/\/emk.hr\/en\/wp-json\/wp\/v2\/comments?post=10429"}],"version-history":[{"count":7,"href":"https:\/\/emk.hr\/en\/wp-json\/wp\/v2\/pages\/10429\/revisions"}],"predecessor-version":[{"id":11213,"href":"https:\/\/emk.hr\/en\/wp-json\/wp\/v2\/pages\/10429\/revisions\/11213"}],"wp:attachment":[{"href":"https:\/\/emk.hr\/en\/wp-json\/wp\/v2\/media?parent=10429"}],"curies":[{"name":"wp","href":"https:\/\/api.w.org\/{rel}","templated":true}]}}