{"id":10435,"date":"2025-04-06T08:20:34","date_gmt":"2025-04-06T07:20:34","guid":{"rendered":"https:\/\/emk.hr\/?page_id=10435"},"modified":"2025-06-03T09:47:31","modified_gmt":"2025-06-03T08:47:31","slug":"zeitraum","status":"publish","type":"page","link":"https:\/\/emk.hr\/en\/zeitraum\/","title":{"rendered":"ZEITRAUM"},"content":{"rendered":"\t\t<div data-elementor-type=\"wp-post\" data-elementor-id=\"10435\" class=\"elementor elementor-10435 elementor-10037\" data-elementor-post-type=\"page\">\n\t\t\t\t\t\t<section class=\"elementor-section elementor-top-section elementor-element elementor-element-247451ea elementor-section-boxed elementor-section-height-default elementor-section-height-default\" data-id=\"247451ea\" data-element_type=\"section\" data-settings=\"{&quot;background_background&quot;:&quot;gradient&quot;,&quot;mdp_selection_sticky_effect_enable&quot;:false}\">\n\t\t\t\t\t\t\t<div class=\"elementor-background-overlay\"><\/div>\n\t\t\t\t\t\t\t<div class=\"elementor-container elementor-column-gap-default\">\n\t\t\t\t\t<div class=\"elementor-column elementor-col-100 elementor-top-column elementor-element elementor-element-146abd2e\" data-id=\"146abd2e\" data-element_type=\"column\" data-settings=\"{&quot;mdp_selection_sticky_column_effect_enable&quot;:false}\">\n\t\t\t<div class=\"elementor-widget-wrap\">\n\t\t\t\t\t\t\t<\/div>\n\t\t<\/div>\n\t\t\t\t\t<\/div>\n\t\t<\/section>\n\t\t\t\t<section class=\"elementor-section elementor-top-section elementor-element elementor-element-2e15d67 elementor-section-boxed elementor-section-height-default elementor-section-height-default\" data-id=\"2e15d67\" data-element_type=\"section\" data-settings=\"{&quot;background_background&quot;:&quot;classic&quot;,&quot;mdp_selection_sticky_effect_enable&quot;:false}\">\n\t\t\t\t\t\t<div class=\"elementor-container elementor-column-gap-default\">\n\t\t\t\t\t<div class=\"elementor-column elementor-col-50 elementor-top-column elementor-element elementor-element-5cb5f65\" data-id=\"5cb5f65\" data-element_type=\"column\" data-settings=\"{&quot;background_background&quot;:&quot;classic&quot;,&quot;mdp_selection_sticky_column_effect_enable&quot;:false}\">\n\t\t\t<div class=\"elementor-widget-wrap elementor-element-populated\">\n\t\t\t\t<div class=\"elementor-element elementor-element-f5208b0 e-con-full e-flex e-con e-parent\" data-id=\"f5208b0\" data-element_type=\"container\" data-settings=\"{&quot;background_background&quot;:&quot;classic&quot;}\">\n\t\t<div class=\"elementor-element elementor-element-8c20824 e-con-full e-flex e-con e-child\" data-id=\"8c20824\" data-element_type=\"container\">\n\t\t\t\t<div class=\"elementor-element elementor-element-812a65f elementor-widget elementor-widget-image\" data-id=\"812a65f\" data-element_type=\"widget\" data-widget_type=\"image.default\">\n\t\t\t\t<div class=\"elementor-widget-container\">\n\t\t\t\t\t\t\t\t\t\t\t\t\t\t\t<img decoding=\"async\" width=\"432\" height=\"89\" src=\"https:\/\/emk.hr\/wp-content\/uploads\/2025\/06\/Zeitraum_bezpozadine.png\" class=\"attachment-full size-full wp-image-11152\" alt=\"\" srcset=\"https:\/\/emk.hr\/wp-content\/uploads\/2025\/06\/Zeitraum_bezpozadine.png 432w, https:\/\/emk.hr\/wp-content\/uploads\/2025\/06\/Zeitraum_bezpozadine-300x62.png 300w, https:\/\/emk.hr\/wp-content\/uploads\/2025\/06\/Zeitraum_bezpozadine-150x31.png 150w\" sizes=\"(max-width: 360px) 147px, (max-width: 432px) 100vw, 432px\" \/>\t\t\t\t\t\t\t\t\t\t\t\t\t\t\t<\/div>\n\t\t\t\t<\/div>\n\t\t\t\t<div class=\"elementor-element elementor-element-e1a211d elementor-widget elementor-widget-spacer\" data-id=\"e1a211d\" data-element_type=\"widget\" data-widget_type=\"spacer.default\">\n\t\t\t\t<div class=\"elementor-widget-container\">\n\t\t\t\t\t\t\t<div class=\"elementor-spacer\">\n\t\t\t<div class=\"elementor-spacer-inner\"><\/div>\n\t\t<\/div>\n\t\t\t\t\t\t<\/div>\n\t\t\t\t<\/div>\n\t\t\t\t<div class=\"elementor-element elementor-element-967b73e elementor-widget elementor-widget-text-editor\" data-id=\"967b73e\" data-element_type=\"widget\" data-widget_type=\"text-editor.default\">\n\t\t\t\t<div class=\"elementor-widget-container\">\n\t\t\t\t\t\t\t\t\t<p>Zeitraum is a company founded in 1990. which is primarily engaged in the production of wooden furniture.<\/p><p>It is located in the Bavarian Alps not only because it is their homeland, but also because life in the Alpine regions is traditionally characterized by the conscious use of limited resources.<\/p><p>Zeiitraum was the first German furniture manufacturer to focus on the combination of ecology and design.<br \/>For them, sustainability is not a trend, but a fundamental corporate philosophy.<\/p>\t\t\t\t\t\t\t\t<\/div>\n\t\t\t\t<\/div>\n\t\t\t\t<div class=\"elementor-element elementor-element-b88e8f9 elementor-widget elementor-widget-text-editor\" data-id=\"b88e8f9\" data-element_type=\"widget\" data-widget_type=\"text-editor.default\">\n\t\t\t\t<div class=\"elementor-widget-container\">\n\t\t\t\t\t\t\t\t\t<p class=\"p2\"><a href=\"https:\/\/www.zeitraum-moebel.de\/\">More&#8230;<\/a><\/p>\t\t\t\t\t\t\t\t<\/div>\n\t\t\t\t<\/div>\n\t\t\t\t<\/div>\n\t\t\t\t<\/div>\n\t\t\t\t\t<\/div>\n\t\t<\/div>\n\t\t\t\t<div class=\"elementor-column elementor-col-50 elementor-top-column elementor-element elementor-element-5aef52e\" data-id=\"5aef52e\" data-element_type=\"column\" data-settings=\"{&quot;background_background&quot;:&quot;classic&quot;,&quot;mdp_selection_sticky_column_effect_enable&quot;:false}\">\n\t\t\t<div class=\"elementor-widget-wrap elementor-element-populated\">\n\t\t\t\t\t\t<div class=\"elementor-element elementor-element-2c3d7d9 elementor-widget elementor-widget-spacer\" data-id=\"2c3d7d9\" data-element_type=\"widget\" data-widget_type=\"spacer.default\">\n\t\t\t\t<div class=\"elementor-widget-container\">\n\t\t\t\t\t\t\t<div class=\"elementor-spacer\">\n\t\t\t<div class=\"elementor-spacer-inner\"><\/div>\n\t\t<\/div>\n\t\t\t\t\t\t<\/div>\n\t\t\t\t<\/div>\n\t\t\t\t<div class=\"elementor-element elementor-element-749fd60 elementor-widget elementor-widget-image\" data-id=\"749fd60\" data-element_type=\"widget\" data-widget_type=\"image.default\">\n\t\t\t\t<div class=\"elementor-widget-container\">\n\t\t\t\t\t\t\t\t\t\t\t\t\t\t\t<img fetchpriority=\"high\" decoding=\"async\" width=\"1594\" height=\"2126\" src=\"https:\/\/emk.hr\/wp-content\/uploads\/2025\/06\/ZEITRAUM.jpg\" class=\"attachment-full size-full wp-image-11224\" alt=\"\" srcset=\"https:\/\/emk.hr\/wp-content\/uploads\/2025\/06\/ZEITRAUM.jpg 1594w, https:\/\/emk.hr\/wp-content\/uploads\/2025\/06\/ZEITRAUM-225x300.jpg 225w, https:\/\/emk.hr\/wp-content\/uploads\/2025\/06\/ZEITRAUM-768x1024.jpg 768w, https:\/\/emk.hr\/wp-content\/uploads\/2025\/06\/ZEITRAUM-1152x1536.jpg 1152w, https:\/\/emk.hr\/wp-content\/uploads\/2025\/06\/ZEITRAUM-1536x2048.jpg 1536w, https:\/\/emk.hr\/wp-content\/uploads\/2025\/06\/ZEITRAUM-990x1320.jpg 990w, https:\/\/emk.hr\/wp-content\/uploads\/2025\/06\/ZEITRAUM-441x588.jpg 441w, https:\/\/emk.hr\/wp-content\/uploads\/2025\/06\/ZEITRAUM-800x1067.jpg 800w, https:\/\/emk.hr\/wp-content\/uploads\/2025\/06\/ZEITRAUM-150x200.jpg 150w\" sizes=\"(max-width: 360px) 147px, (max-width: 1594px) 100vw, 1594px\" \/>\t\t\t\t\t\t\t\t\t\t\t\t\t\t\t<\/div>\n\t\t\t\t<\/div>\n\t\t\t\t\t<\/div>\n\t\t<\/div>\n\t\t\t\t\t<\/div>\n\t\t<\/section>\n\t\t\t\t<\/div>\n\t\t","protected":false},"excerpt":{"rendered":"<p>Zeitraum is a company founded in 1990. which is primarily engaged in the production of wooden furniture. It is located in the Bavarian Alps not only because it is their homeland, but also because life in the Alpine regions is traditionally characterized by the conscious use of limited resources. Zeiitraum was the first German furniture [&hellip;]<\/p>\n","protected":false},"author":1,"featured_media":0,"parent":0,"menu_order":8,"comment_status":"closed","ping_status":"closed","template":"template-canvas.php","meta":{"footnotes":""},"class_list":["post-10435","page","type-page","status-publish","hentry"],"yoast_head":"<!-- This site is optimized with the Yoast SEO plugin v27.3 - https:\/\/yoast.com\/product\/yoast-seo-wordpress\/ -->\n<title>ZEITRAUM - Elektro mehanika Kova\u010di\u0107<\/title>\n<meta name=\"robots\" content=\"index, follow, max-snippet:-1, max-image-preview:large, max-video-preview:-1\" \/>\n<link rel=\"canonical\" href=\"https:\/\/emk.hr\/en\/zeitraum\/\" \/>\n<meta property=\"og:locale\" content=\"en_US\" \/>\n<meta property=\"og:type\" content=\"article\" \/>\n<meta property=\"og:title\" content=\"ZEITRAUM - Elektro mehanika Kova\u010di\u0107\" \/>\n<meta property=\"og:description\" content=\"Zeitraum is a company founded in 1990. which is primarily engaged in the production of wooden furniture. It is located in the Bavarian Alps not only because it is their homeland, but also because life in the Alpine regions is traditionally characterized by the conscious use of limited resources. Zeiitraum was the first German furniture [&hellip;]\" \/>\n<meta property=\"og:url\" content=\"https:\/\/emk.hr\/en\/zeitraum\/\" \/>\n<meta property=\"og:site_name\" content=\"Elektro mehanika Kova\u010di\u0107\" \/>\n<meta property=\"article:modified_time\" content=\"2025-06-03T08:47:31+00:00\" \/>\n<meta property=\"og:image\" content=\"https:\/\/emk.hr\/wp-content\/uploads\/2025\/06\/Zeitraum_bezpozadine.png\" \/>\n\t<meta property=\"og:image:width\" content=\"432\" \/>\n\t<meta property=\"og:image:height\" content=\"89\" \/>\n\t<meta property=\"og:image:type\" content=\"image\/png\" \/>\n<meta name=\"twitter:card\" content=\"summary_large_image\" \/>\n<meta name=\"twitter:label1\" content=\"Est. reading time\" \/>\n\t<meta name=\"twitter:data1\" content=\"1 minute\" \/>\n<script type=\"application\/ld+json\" class=\"yoast-schema-graph\">{\"@context\":\"https:\\\/\\\/schema.org\",\"@graph\":[{\"@type\":\"WebPage\",\"@id\":\"https:\\\/\\\/emk.hr\\\/en\\\/zeitraum\\\/\",\"url\":\"https:\\\/\\\/emk.hr\\\/en\\\/zeitraum\\\/\",\"name\":\"ZEITRAUM - Elektro mehanika Kova\u010di\u0107\",\"isPartOf\":{\"@id\":\"https:\\\/\\\/emk.hr\\\/#website\"},\"primaryImageOfPage\":{\"@id\":\"https:\\\/\\\/emk.hr\\\/en\\\/zeitraum\\\/#primaryimage\"},\"image\":{\"@id\":\"https:\\\/\\\/emk.hr\\\/en\\\/zeitraum\\\/#primaryimage\"},\"thumbnailUrl\":\"https:\\\/\\\/emk.hr\\\/wp-content\\\/uploads\\\/2025\\\/06\\\/Zeitraum_bezpozadine.png\",\"datePublished\":\"2025-04-06T07:20:34+00:00\",\"dateModified\":\"2025-06-03T08:47:31+00:00\",\"breadcrumb\":{\"@id\":\"https:\\\/\\\/emk.hr\\\/en\\\/zeitraum\\\/#breadcrumb\"},\"inLanguage\":\"en-US\",\"potentialAction\":[{\"@type\":\"ReadAction\",\"target\":[\"https:\\\/\\\/emk.hr\\\/en\\\/zeitraum\\\/\"]}]},{\"@type\":\"ImageObject\",\"inLanguage\":\"en-US\",\"@id\":\"https:\\\/\\\/emk.hr\\\/en\\\/zeitraum\\\/#primaryimage\",\"url\":\"https:\\\/\\\/emk.hr\\\/wp-content\\\/uploads\\\/2025\\\/06\\\/Zeitraum_bezpozadine.png\",\"contentUrl\":\"https:\\\/\\\/emk.hr\\\/wp-content\\\/uploads\\\/2025\\\/06\\\/Zeitraum_bezpozadine.png\"},{\"@type\":\"BreadcrumbList\",\"@id\":\"https:\\\/\\\/emk.hr\\\/en\\\/zeitraum\\\/#breadcrumb\",\"itemListElement\":[{\"@type\":\"ListItem\",\"position\":1,\"name\":\"Home\",\"item\":\"https:\\\/\\\/emk.hr\\\/\"},{\"@type\":\"ListItem\",\"position\":2,\"name\":\"ZEITRAUM\"}]},{\"@type\":\"WebSite\",\"@id\":\"https:\\\/\\\/emk.hr\\\/#website\",\"url\":\"https:\\\/\\\/emk.hr\\\/\",\"name\":\"Elektro mehanika Kova\u010di\u0107\",\"description\":\"Odr\u017eavanje i servis\",\"publisher\":{\"@id\":\"https:\\\/\\\/emk.hr\\\/#organization\"},\"potentialAction\":[{\"@type\":\"SearchAction\",\"target\":{\"@type\":\"EntryPoint\",\"urlTemplate\":\"https:\\\/\\\/emk.hr\\\/?s={search_term_string}\"},\"query-input\":{\"@type\":\"PropertyValueSpecification\",\"valueRequired\":true,\"valueName\":\"search_term_string\"}}],\"inLanguage\":\"en-US\"},{\"@type\":\"Organization\",\"@id\":\"https:\\\/\\\/emk.hr\\\/#organization\",\"name\":\"Elektro mehanika Kova\u010di\u0107\",\"url\":\"https:\\\/\\\/emk.hr\\\/\",\"logo\":{\"@type\":\"ImageObject\",\"inLanguage\":\"en-US\",\"@id\":\"https:\\\/\\\/emk.hr\\\/#\\\/schema\\\/logo\\\/image\\\/\",\"url\":\"https:\\\/\\\/emk.hr\\\/wp-content\\\/uploads\\\/2025\\\/03\\\/cropped-EMK.png\",\"contentUrl\":\"https:\\\/\\\/emk.hr\\\/wp-content\\\/uploads\\\/2025\\\/03\\\/cropped-EMK.png\",\"width\":290,\"height\":87,\"caption\":\"Elektro mehanika Kova\u010di\u0107\"},\"image\":{\"@id\":\"https:\\\/\\\/emk.hr\\\/#\\\/schema\\\/logo\\\/image\\\/\"}}]}<\/script>\n<!-- \/ Yoast SEO plugin. -->","yoast_head_json":{"title":"ZEITRAUM - Elektro mehanika Kova\u010di\u0107","robots":{"index":"index","follow":"follow","max-snippet":"max-snippet:-1","max-image-preview":"max-image-preview:large","max-video-preview":"max-video-preview:-1"},"canonical":"https:\/\/emk.hr\/en\/zeitraum\/","og_locale":"en_US","og_type":"article","og_title":"ZEITRAUM - Elektro mehanika Kova\u010di\u0107","og_description":"Zeitraum is a company founded in 1990. which is primarily engaged in the production of wooden furniture. It is located in the Bavarian Alps not only because it is their homeland, but also because life in the Alpine regions is traditionally characterized by the conscious use of limited resources. Zeiitraum was the first German furniture [&hellip;]","og_url":"https:\/\/emk.hr\/en\/zeitraum\/","og_site_name":"Elektro mehanika Kova\u010di\u0107","article_modified_time":"2025-06-03T08:47:31+00:00","og_image":[{"width":432,"height":89,"url":"https:\/\/emk.hr\/wp-content\/uploads\/2025\/06\/Zeitraum_bezpozadine.png","type":"image\/png"}],"twitter_card":"summary_large_image","twitter_misc":{"Est. reading time":"1 minute"},"schema":{"@context":"https:\/\/schema.org","@graph":[{"@type":"WebPage","@id":"https:\/\/emk.hr\/en\/zeitraum\/","url":"https:\/\/emk.hr\/en\/zeitraum\/","name":"ZEITRAUM - Elektro mehanika Kova\u010di\u0107","isPartOf":{"@id":"https:\/\/emk.hr\/#website"},"primaryImageOfPage":{"@id":"https:\/\/emk.hr\/en\/zeitraum\/#primaryimage"},"image":{"@id":"https:\/\/emk.hr\/en\/zeitraum\/#primaryimage"},"thumbnailUrl":"https:\/\/emk.hr\/wp-content\/uploads\/2025\/06\/Zeitraum_bezpozadine.png","datePublished":"2025-04-06T07:20:34+00:00","dateModified":"2025-06-03T08:47:31+00:00","breadcrumb":{"@id":"https:\/\/emk.hr\/en\/zeitraum\/#breadcrumb"},"inLanguage":"en-US","potentialAction":[{"@type":"ReadAction","target":["https:\/\/emk.hr\/en\/zeitraum\/"]}]},{"@type":"ImageObject","inLanguage":"en-US","@id":"https:\/\/emk.hr\/en\/zeitraum\/#primaryimage","url":"https:\/\/emk.hr\/wp-content\/uploads\/2025\/06\/Zeitraum_bezpozadine.png","contentUrl":"https:\/\/emk.hr\/wp-content\/uploads\/2025\/06\/Zeitraum_bezpozadine.png"},{"@type":"BreadcrumbList","@id":"https:\/\/emk.hr\/en\/zeitraum\/#breadcrumb","itemListElement":[{"@type":"ListItem","position":1,"name":"Home","item":"https:\/\/emk.hr\/"},{"@type":"ListItem","position":2,"name":"ZEITRAUM"}]},{"@type":"WebSite","@id":"https:\/\/emk.hr\/#website","url":"https:\/\/emk.hr\/","name":"Elektro mehanika Kova\u010di\u0107","description":"Odr\u017eavanje i servis","publisher":{"@id":"https:\/\/emk.hr\/#organization"},"potentialAction":[{"@type":"SearchAction","target":{"@type":"EntryPoint","urlTemplate":"https:\/\/emk.hr\/?s={search_term_string}"},"query-input":{"@type":"PropertyValueSpecification","valueRequired":true,"valueName":"search_term_string"}}],"inLanguage":"en-US"},{"@type":"Organization","@id":"https:\/\/emk.hr\/#organization","name":"Elektro mehanika Kova\u010di\u0107","url":"https:\/\/emk.hr\/","logo":{"@type":"ImageObject","inLanguage":"en-US","@id":"https:\/\/emk.hr\/#\/schema\/logo\/image\/","url":"https:\/\/emk.hr\/wp-content\/uploads\/2025\/03\/cropped-EMK.png","contentUrl":"https:\/\/emk.hr\/wp-content\/uploads\/2025\/03\/cropped-EMK.png","width":290,"height":87,"caption":"Elektro mehanika Kova\u010di\u0107"},"image":{"@id":"https:\/\/emk.hr\/#\/schema\/logo\/image\/"}}]}},"_links":{"self":[{"href":"https:\/\/emk.hr\/en\/wp-json\/wp\/v2\/pages\/10435","targetHints":{"allow":["GET"]}}],"collection":[{"href":"https:\/\/emk.hr\/en\/wp-json\/wp\/v2\/pages"}],"about":[{"href":"https:\/\/emk.hr\/en\/wp-json\/wp\/v2\/types\/page"}],"author":[{"embeddable":true,"href":"https:\/\/emk.hr\/en\/wp-json\/wp\/v2\/users\/1"}],"replies":[{"embeddable":true,"href":"https:\/\/emk.hr\/en\/wp-json\/wp\/v2\/comments?post=10435"}],"version-history":[{"count":7,"href":"https:\/\/emk.hr\/en\/wp-json\/wp\/v2\/pages\/10435\/revisions"}],"predecessor-version":[{"id":11228,"href":"https:\/\/emk.hr\/en\/wp-json\/wp\/v2\/pages\/10435\/revisions\/11228"}],"wp:attachment":[{"href":"https:\/\/emk.hr\/en\/wp-json\/wp\/v2\/media?parent=10435"}],"curies":[{"name":"wp","href":"https:\/\/api.w.org\/{rel}","templated":true}]}}