{"id":10441,"date":"2025-04-06T08:21:54","date_gmt":"2025-04-06T07:21:54","guid":{"rendered":"https:\/\/emk.hr\/?page_id=10441"},"modified":"2025-06-03T09:42:40","modified_gmt":"2025-06-03T08:42:40","slug":"miele","status":"publish","type":"page","link":"https:\/\/emk.hr\/en\/miele\/","title":{"rendered":"MIELE"},"content":{"rendered":"\t\t<div data-elementor-type=\"wp-post\" data-elementor-id=\"10441\" class=\"elementor elementor-10441 elementor-10096\" data-elementor-post-type=\"page\">\n\t\t\t\t\t\t<section class=\"elementor-section elementor-top-section elementor-element elementor-element-247451ea elementor-section-boxed elementor-section-height-default elementor-section-height-default\" data-id=\"247451ea\" data-element_type=\"section\" data-settings=\"{&quot;background_background&quot;:&quot;gradient&quot;,&quot;mdp_selection_sticky_effect_enable&quot;:false}\">\n\t\t\t\t\t\t\t<div class=\"elementor-background-overlay\"><\/div>\n\t\t\t\t\t\t\t<div class=\"elementor-container elementor-column-gap-default\">\n\t\t\t\t\t<div class=\"elementor-column elementor-col-100 elementor-top-column elementor-element elementor-element-146abd2e\" data-id=\"146abd2e\" data-element_type=\"column\" data-settings=\"{&quot;mdp_selection_sticky_column_effect_enable&quot;:false}\">\n\t\t\t<div class=\"elementor-widget-wrap\">\n\t\t\t\t\t\t\t<\/div>\n\t\t<\/div>\n\t\t\t\t\t<\/div>\n\t\t<\/section>\n\t\t<div class=\"elementor-element elementor-element-adcdba3 e-flex e-con-boxed e-con e-parent\" data-id=\"adcdba3\" data-element_type=\"container\" data-settings=\"{&quot;background_background&quot;:&quot;classic&quot;}\">\n\t\t\t\t\t<div class=\"e-con-inner\">\n\t\t<div class=\"elementor-element elementor-element-1e79c28 e-con-full e-flex e-con e-child\" data-id=\"1e79c28\" data-element_type=\"container\" data-settings=\"{&quot;background_background&quot;:&quot;classic&quot;}\">\n\t\t<div class=\"elementor-element elementor-element-94b0644 e-con-full e-flex e-con e-child\" data-id=\"94b0644\" data-element_type=\"container\" data-settings=\"{&quot;background_background&quot;:&quot;classic&quot;}\">\n\t\t<div class=\"elementor-element elementor-element-e662f2d e-con-full e-flex e-con e-child\" data-id=\"e662f2d\" data-element_type=\"container\" data-settings=\"{&quot;background_background&quot;:&quot;classic&quot;}\">\n\t\t<div class=\"elementor-element elementor-element-73cc540 e-con-full e-flex e-con e-child\" data-id=\"73cc540\" data-element_type=\"container\">\n\t\t\t\t<div class=\"elementor-element elementor-element-8ccec83 elementor-widget elementor-widget-image\" data-id=\"8ccec83\" data-element_type=\"widget\" data-widget_type=\"image.default\">\n\t\t\t\t<div class=\"elementor-widget-container\">\n\t\t\t\t\t\t\t\t\t\t\t\t\t\t\t<img fetchpriority=\"high\" decoding=\"async\" width=\"1182\" height=\"453\" src=\"https:\/\/emk.hr\/wp-content\/uploads\/2025\/06\/Miele_logo.png\" class=\"attachment-full size-full wp-image-11146\" alt=\"\" srcset=\"https:\/\/emk.hr\/wp-content\/uploads\/2025\/06\/Miele_logo.png 1182w, https:\/\/emk.hr\/wp-content\/uploads\/2025\/06\/Miele_logo-300x115.png 300w, https:\/\/emk.hr\/wp-content\/uploads\/2025\/06\/Miele_logo-1024x392.png 1024w, https:\/\/emk.hr\/wp-content\/uploads\/2025\/06\/Miele_logo-768x294.png 768w, https:\/\/emk.hr\/wp-content\/uploads\/2025\/06\/Miele_logo-990x379.png 990w, https:\/\/emk.hr\/wp-content\/uploads\/2025\/06\/Miele_logo-441x169.png 441w, https:\/\/emk.hr\/wp-content\/uploads\/2025\/06\/Miele_logo-800x307.png 800w, https:\/\/emk.hr\/wp-content\/uploads\/2025\/06\/Miele_logo-150x57.png 150w\" sizes=\"(max-width: 360px) 147px, (max-width: 1182px) 100vw, 1182px\" \/>\t\t\t\t\t\t\t\t\t\t\t\t\t\t\t<\/div>\n\t\t\t\t<\/div>\n\t\t\t\t<div class=\"elementor-element elementor-element-1148c1d elementor-widget elementor-widget-spacer\" data-id=\"1148c1d\" data-element_type=\"widget\" data-widget_type=\"spacer.default\">\n\t\t\t\t<div class=\"elementor-widget-container\">\n\t\t\t\t\t\t\t<div class=\"elementor-spacer\">\n\t\t\t<div class=\"elementor-spacer-inner\"><\/div>\n\t\t<\/div>\n\t\t\t\t\t\t<\/div>\n\t\t\t\t<\/div>\n\t\t\t\t<div class=\"elementor-element elementor-element-066a533 elementor-widget elementor-widget-text-editor\" data-id=\"066a533\" data-element_type=\"widget\" data-widget_type=\"text-editor.default\">\n\t\t\t\t<div class=\"elementor-widget-container\">\n\t\t\t\t\t\t\t\t\t<p>Miele is a brand founded in 1899 in Germany and is one of the most famous and prestigious manufacturers of household appliances and professional equipment.<\/p><p>Miele is known for the exceptional quality of its products, increasingly focusing on environmentally friendly technologies, reducing energy and material consumption. Their appliances often carry the label of energy efficiency, as well as a long lifespan.<\/p><p>It is recognized as a leader in innovation, with many patents and technological advances in the household appliance industry. It is present in more than 100 countries and has factories in Germany, as well as in other parts of the world, including the USA, Spain, Poland and China.<\/p>\t\t\t\t\t\t\t\t<\/div>\n\t\t\t\t<\/div>\n\t\t\t\t<div class=\"elementor-element elementor-element-c2b1bba elementor-widget elementor-widget-text-editor\" data-id=\"c2b1bba\" data-element_type=\"widget\" data-widget_type=\"text-editor.default\">\n\t\t\t\t<div class=\"elementor-widget-container\">\n\t\t\t\t\t\t\t\t\t<p class=\"p2\"><a href=\"https:\/\/www.miele.com\/en\/com\/index.htm\">More&#8230;<\/a><\/p>\t\t\t\t\t\t\t\t<\/div>\n\t\t\t\t<\/div>\n\t\t\t\t<\/div>\n\t\t\t\t<\/div>\n\t\t\t\t<\/div>\n\t\t\t\t<\/div>\n\t\t<div class=\"elementor-element elementor-element-4b6efb1 e-con-full e-flex e-con e-child\" data-id=\"4b6efb1\" data-element_type=\"container\" data-settings=\"{&quot;background_background&quot;:&quot;classic&quot;}\">\n\t\t\t\t<div class=\"elementor-element elementor-element-b9245a6 elementor-widget elementor-widget-spacer\" data-id=\"b9245a6\" data-element_type=\"widget\" data-widget_type=\"spacer.default\">\n\t\t\t\t<div class=\"elementor-widget-container\">\n\t\t\t\t\t\t\t<div class=\"elementor-spacer\">\n\t\t\t<div class=\"elementor-spacer-inner\"><\/div>\n\t\t<\/div>\n\t\t\t\t\t\t<\/div>\n\t\t\t\t<\/div>\n\t\t\t\t<div class=\"elementor-element elementor-element-22a861a elementor-widget elementor-widget-image\" data-id=\"22a861a\" data-element_type=\"widget\" data-widget_type=\"image.default\">\n\t\t\t\t<div class=\"elementor-widget-container\">\n\t\t\t\t\t\t\t\t\t\t\t\t\t\t\t<img decoding=\"async\" width=\"599\" height=\"393\" src=\"https:\/\/emk.hr\/wp-content\/uploads\/2025\/06\/Miele.jpg\" class=\"attachment-full size-full wp-image-11204\" alt=\"\" srcset=\"https:\/\/emk.hr\/wp-content\/uploads\/2025\/06\/Miele.jpg 599w, https:\/\/emk.hr\/wp-content\/uploads\/2025\/06\/Miele-300x197.jpg 300w, https:\/\/emk.hr\/wp-content\/uploads\/2025\/06\/Miele-441x289.jpg 441w, https:\/\/emk.hr\/wp-content\/uploads\/2025\/06\/Miele-150x98.jpg 150w\" sizes=\"(max-width: 360px) 147px, (max-width: 599px) 100vw, 599px\" \/>\t\t\t\t\t\t\t\t\t\t\t\t\t\t\t<\/div>\n\t\t\t\t<\/div>\n\t\t\t\t<\/div>\n\t\t\t\t\t<\/div>\n\t\t\t\t<\/div>\n\t\t\t\t<\/div>\n\t\t","protected":false},"excerpt":{"rendered":"<p>Miele is a brand founded in 1899 in Germany and is one of the most famous and prestigious manufacturers of household appliances and professional equipment. Miele is known for the exceptional quality of its products, increasingly focusing on environmentally friendly technologies, reducing energy and material consumption. Their appliances often carry the label of energy efficiency, [&hellip;]<\/p>\n","protected":false},"author":1,"featured_media":0,"parent":0,"menu_order":9,"comment_status":"closed","ping_status":"closed","template":"template-canvas.php","meta":{"footnotes":""},"class_list":["post-10441","page","type-page","status-publish","hentry"],"yoast_head":"<!-- This site is optimized with the Yoast SEO plugin v27.3 - https:\/\/yoast.com\/product\/yoast-seo-wordpress\/ -->\n<title>MIELE - Elektro mehanika Kova\u010di\u0107<\/title>\n<meta name=\"robots\" content=\"index, follow, max-snippet:-1, max-image-preview:large, max-video-preview:-1\" \/>\n<link rel=\"canonical\" href=\"https:\/\/emk.hr\/en\/miele\/\" \/>\n<meta property=\"og:locale\" content=\"en_US\" \/>\n<meta property=\"og:type\" content=\"article\" \/>\n<meta property=\"og:title\" content=\"MIELE - Elektro mehanika Kova\u010di\u0107\" \/>\n<meta property=\"og:description\" content=\"Miele is a brand founded in 1899 in Germany and is one of the most famous and prestigious manufacturers of household appliances and professional equipment. Miele is known for the exceptional quality of its products, increasingly focusing on environmentally friendly technologies, reducing energy and material consumption. Their appliances often carry the label of energy efficiency, [&hellip;]\" \/>\n<meta property=\"og:url\" content=\"https:\/\/emk.hr\/en\/miele\/\" \/>\n<meta property=\"og:site_name\" content=\"Elektro mehanika Kova\u010di\u0107\" \/>\n<meta property=\"article:modified_time\" content=\"2025-06-03T08:42:40+00:00\" \/>\n<meta property=\"og:image\" content=\"https:\/\/emk.hr\/wp-content\/uploads\/2025\/06\/Miele_logo.png\" \/>\n\t<meta property=\"og:image:width\" content=\"1182\" \/>\n\t<meta property=\"og:image:height\" content=\"453\" \/>\n\t<meta property=\"og:image:type\" content=\"image\/png\" \/>\n<meta name=\"twitter:card\" content=\"summary_large_image\" \/>\n<meta name=\"twitter:label1\" content=\"Est. reading time\" \/>\n\t<meta name=\"twitter:data1\" content=\"1 minute\" \/>\n<script type=\"application\/ld+json\" class=\"yoast-schema-graph\">{\"@context\":\"https:\\\/\\\/schema.org\",\"@graph\":[{\"@type\":\"WebPage\",\"@id\":\"https:\\\/\\\/emk.hr\\\/en\\\/miele\\\/\",\"url\":\"https:\\\/\\\/emk.hr\\\/en\\\/miele\\\/\",\"name\":\"MIELE - Elektro mehanika Kova\u010di\u0107\",\"isPartOf\":{\"@id\":\"https:\\\/\\\/emk.hr\\\/#website\"},\"primaryImageOfPage\":{\"@id\":\"https:\\\/\\\/emk.hr\\\/en\\\/miele\\\/#primaryimage\"},\"image\":{\"@id\":\"https:\\\/\\\/emk.hr\\\/en\\\/miele\\\/#primaryimage\"},\"thumbnailUrl\":\"https:\\\/\\\/emk.hr\\\/wp-content\\\/uploads\\\/2025\\\/06\\\/Miele_logo.png\",\"datePublished\":\"2025-04-06T07:21:54+00:00\",\"dateModified\":\"2025-06-03T08:42:40+00:00\",\"breadcrumb\":{\"@id\":\"https:\\\/\\\/emk.hr\\\/en\\\/miele\\\/#breadcrumb\"},\"inLanguage\":\"en-US\",\"potentialAction\":[{\"@type\":\"ReadAction\",\"target\":[\"https:\\\/\\\/emk.hr\\\/en\\\/miele\\\/\"]}]},{\"@type\":\"ImageObject\",\"inLanguage\":\"en-US\",\"@id\":\"https:\\\/\\\/emk.hr\\\/en\\\/miele\\\/#primaryimage\",\"url\":\"https:\\\/\\\/emk.hr\\\/wp-content\\\/uploads\\\/2025\\\/06\\\/Miele_logo.png\",\"contentUrl\":\"https:\\\/\\\/emk.hr\\\/wp-content\\\/uploads\\\/2025\\\/06\\\/Miele_logo.png\"},{\"@type\":\"BreadcrumbList\",\"@id\":\"https:\\\/\\\/emk.hr\\\/en\\\/miele\\\/#breadcrumb\",\"itemListElement\":[{\"@type\":\"ListItem\",\"position\":1,\"name\":\"Home\",\"item\":\"https:\\\/\\\/emk.hr\\\/\"},{\"@type\":\"ListItem\",\"position\":2,\"name\":\"MIELE\"}]},{\"@type\":\"WebSite\",\"@id\":\"https:\\\/\\\/emk.hr\\\/#website\",\"url\":\"https:\\\/\\\/emk.hr\\\/\",\"name\":\"Elektro mehanika Kova\u010di\u0107\",\"description\":\"Odr\u017eavanje i servis\",\"publisher\":{\"@id\":\"https:\\\/\\\/emk.hr\\\/#organization\"},\"potentialAction\":[{\"@type\":\"SearchAction\",\"target\":{\"@type\":\"EntryPoint\",\"urlTemplate\":\"https:\\\/\\\/emk.hr\\\/?s={search_term_string}\"},\"query-input\":{\"@type\":\"PropertyValueSpecification\",\"valueRequired\":true,\"valueName\":\"search_term_string\"}}],\"inLanguage\":\"en-US\"},{\"@type\":\"Organization\",\"@id\":\"https:\\\/\\\/emk.hr\\\/#organization\",\"name\":\"Elektro mehanika Kova\u010di\u0107\",\"url\":\"https:\\\/\\\/emk.hr\\\/\",\"logo\":{\"@type\":\"ImageObject\",\"inLanguage\":\"en-US\",\"@id\":\"https:\\\/\\\/emk.hr\\\/#\\\/schema\\\/logo\\\/image\\\/\",\"url\":\"https:\\\/\\\/emk.hr\\\/wp-content\\\/uploads\\\/2025\\\/03\\\/cropped-EMK.png\",\"contentUrl\":\"https:\\\/\\\/emk.hr\\\/wp-content\\\/uploads\\\/2025\\\/03\\\/cropped-EMK.png\",\"width\":290,\"height\":87,\"caption\":\"Elektro mehanika Kova\u010di\u0107\"},\"image\":{\"@id\":\"https:\\\/\\\/emk.hr\\\/#\\\/schema\\\/logo\\\/image\\\/\"}}]}<\/script>\n<!-- \/ Yoast SEO plugin. -->","yoast_head_json":{"title":"MIELE - Elektro mehanika Kova\u010di\u0107","robots":{"index":"index","follow":"follow","max-snippet":"max-snippet:-1","max-image-preview":"max-image-preview:large","max-video-preview":"max-video-preview:-1"},"canonical":"https:\/\/emk.hr\/en\/miele\/","og_locale":"en_US","og_type":"article","og_title":"MIELE - Elektro mehanika Kova\u010di\u0107","og_description":"Miele is a brand founded in 1899 in Germany and is one of the most famous and prestigious manufacturers of household appliances and professional equipment. Miele is known for the exceptional quality of its products, increasingly focusing on environmentally friendly technologies, reducing energy and material consumption. Their appliances often carry the label of energy efficiency, [&hellip;]","og_url":"https:\/\/emk.hr\/en\/miele\/","og_site_name":"Elektro mehanika Kova\u010di\u0107","article_modified_time":"2025-06-03T08:42:40+00:00","og_image":[{"width":1182,"height":453,"url":"https:\/\/emk.hr\/wp-content\/uploads\/2025\/06\/Miele_logo.png","type":"image\/png"}],"twitter_card":"summary_large_image","twitter_misc":{"Est. reading time":"1 minute"},"schema":{"@context":"https:\/\/schema.org","@graph":[{"@type":"WebPage","@id":"https:\/\/emk.hr\/en\/miele\/","url":"https:\/\/emk.hr\/en\/miele\/","name":"MIELE - Elektro mehanika Kova\u010di\u0107","isPartOf":{"@id":"https:\/\/emk.hr\/#website"},"primaryImageOfPage":{"@id":"https:\/\/emk.hr\/en\/miele\/#primaryimage"},"image":{"@id":"https:\/\/emk.hr\/en\/miele\/#primaryimage"},"thumbnailUrl":"https:\/\/emk.hr\/wp-content\/uploads\/2025\/06\/Miele_logo.png","datePublished":"2025-04-06T07:21:54+00:00","dateModified":"2025-06-03T08:42:40+00:00","breadcrumb":{"@id":"https:\/\/emk.hr\/en\/miele\/#breadcrumb"},"inLanguage":"en-US","potentialAction":[{"@type":"ReadAction","target":["https:\/\/emk.hr\/en\/miele\/"]}]},{"@type":"ImageObject","inLanguage":"en-US","@id":"https:\/\/emk.hr\/en\/miele\/#primaryimage","url":"https:\/\/emk.hr\/wp-content\/uploads\/2025\/06\/Miele_logo.png","contentUrl":"https:\/\/emk.hr\/wp-content\/uploads\/2025\/06\/Miele_logo.png"},{"@type":"BreadcrumbList","@id":"https:\/\/emk.hr\/en\/miele\/#breadcrumb","itemListElement":[{"@type":"ListItem","position":1,"name":"Home","item":"https:\/\/emk.hr\/"},{"@type":"ListItem","position":2,"name":"MIELE"}]},{"@type":"WebSite","@id":"https:\/\/emk.hr\/#website","url":"https:\/\/emk.hr\/","name":"Elektro mehanika Kova\u010di\u0107","description":"Odr\u017eavanje i servis","publisher":{"@id":"https:\/\/emk.hr\/#organization"},"potentialAction":[{"@type":"SearchAction","target":{"@type":"EntryPoint","urlTemplate":"https:\/\/emk.hr\/?s={search_term_string}"},"query-input":{"@type":"PropertyValueSpecification","valueRequired":true,"valueName":"search_term_string"}}],"inLanguage":"en-US"},{"@type":"Organization","@id":"https:\/\/emk.hr\/#organization","name":"Elektro mehanika Kova\u010di\u0107","url":"https:\/\/emk.hr\/","logo":{"@type":"ImageObject","inLanguage":"en-US","@id":"https:\/\/emk.hr\/#\/schema\/logo\/image\/","url":"https:\/\/emk.hr\/wp-content\/uploads\/2025\/03\/cropped-EMK.png","contentUrl":"https:\/\/emk.hr\/wp-content\/uploads\/2025\/03\/cropped-EMK.png","width":290,"height":87,"caption":"Elektro mehanika Kova\u010di\u0107"},"image":{"@id":"https:\/\/emk.hr\/#\/schema\/logo\/image\/"}}]}},"_links":{"self":[{"href":"https:\/\/emk.hr\/en\/wp-json\/wp\/v2\/pages\/10441","targetHints":{"allow":["GET"]}}],"collection":[{"href":"https:\/\/emk.hr\/en\/wp-json\/wp\/v2\/pages"}],"about":[{"href":"https:\/\/emk.hr\/en\/wp-json\/wp\/v2\/types\/page"}],"author":[{"embeddable":true,"href":"https:\/\/emk.hr\/en\/wp-json\/wp\/v2\/users\/1"}],"replies":[{"embeddable":true,"href":"https:\/\/emk.hr\/en\/wp-json\/wp\/v2\/comments?post=10441"}],"version-history":[{"count":7,"href":"https:\/\/emk.hr\/en\/wp-json\/wp\/v2\/pages\/10441\/revisions"}],"predecessor-version":[{"id":11208,"href":"https:\/\/emk.hr\/en\/wp-json\/wp\/v2\/pages\/10441\/revisions\/11208"}],"wp:attachment":[{"href":"https:\/\/emk.hr\/en\/wp-json\/wp\/v2\/media?parent=10441"}],"curies":[{"name":"wp","href":"https:\/\/api.w.org\/{rel}","templated":true}]}}