{"id":10448,"date":"2025-04-06T08:23:19","date_gmt":"2025-04-06T07:23:19","guid":{"rendered":"https:\/\/emk.hr\/?page_id=10448"},"modified":"2025-06-03T09:48:35","modified_gmt":"2025-06-03T08:48:35","slug":"hacker","status":"publish","type":"page","link":"https:\/\/emk.hr\/en\/hacker\/","title":{"rendered":"H\u00c4CKER"},"content":{"rendered":"\t\t<div data-elementor-type=\"wp-post\" data-elementor-id=\"10448\" class=\"elementor elementor-10448 elementor-10054\" data-elementor-post-type=\"page\">\n\t\t\t\t\t\t<section class=\"elementor-section elementor-top-section elementor-element elementor-element-247451ea elementor-section-boxed elementor-section-height-default elementor-section-height-default\" data-id=\"247451ea\" data-element_type=\"section\" data-settings=\"{&quot;background_background&quot;:&quot;gradient&quot;,&quot;mdp_selection_sticky_effect_enable&quot;:false}\">\n\t\t\t\t\t\t\t<div class=\"elementor-background-overlay\"><\/div>\n\t\t\t\t\t\t\t<div class=\"elementor-container elementor-column-gap-default\">\n\t\t\t\t\t<div class=\"elementor-column elementor-col-100 elementor-top-column elementor-element elementor-element-146abd2e\" data-id=\"146abd2e\" data-element_type=\"column\" data-settings=\"{&quot;mdp_selection_sticky_column_effect_enable&quot;:false}\">\n\t\t\t<div class=\"elementor-widget-wrap\">\n\t\t\t\t\t\t\t<\/div>\n\t\t<\/div>\n\t\t\t\t\t<\/div>\n\t\t<\/section>\n\t\t\t\t<section class=\"elementor-section elementor-top-section elementor-element elementor-element-635fcbb elementor-section-boxed elementor-section-height-default elementor-section-height-default\" data-id=\"635fcbb\" data-element_type=\"section\" data-settings=\"{&quot;background_background&quot;:&quot;classic&quot;,&quot;mdp_selection_sticky_effect_enable&quot;:false}\">\n\t\t\t\t\t\t<div class=\"elementor-container elementor-column-gap-default\">\n\t\t\t\t\t<div class=\"elementor-column elementor-col-50 elementor-top-column elementor-element elementor-element-a37cd34\" data-id=\"a37cd34\" data-element_type=\"column\" data-settings=\"{&quot;background_background&quot;:&quot;classic&quot;,&quot;mdp_selection_sticky_column_effect_enable&quot;:false}\">\n\t\t\t<div class=\"elementor-widget-wrap elementor-element-populated\">\n\t\t\t\t<div class=\"elementor-element elementor-element-da90be3 e-con-full e-flex e-con e-parent\" data-id=\"da90be3\" data-element_type=\"container\" data-settings=\"{&quot;background_background&quot;:&quot;classic&quot;}\">\n\t\t<div class=\"elementor-element elementor-element-b4ff5b9 e-con-full e-flex e-con e-child\" data-id=\"b4ff5b9\" data-element_type=\"container\">\n\t\t\t\t<div class=\"elementor-element elementor-element-5367587 elementor-widget elementor-widget-image\" data-id=\"5367587\" data-element_type=\"widget\" data-widget_type=\"image.default\">\n\t\t\t\t<div class=\"elementor-widget-container\">\n\t\t\t\t\t\t\t\t\t\t\t\t\t\t\t<img decoding=\"async\" width=\"284\" height=\"90\" src=\"https:\/\/emk.hr\/wp-content\/uploads\/2025\/06\/Haecker.png\" class=\"attachment-full size-full wp-image-11150\" alt=\"\" srcset=\"https:\/\/emk.hr\/wp-content\/uploads\/2025\/06\/Haecker.png 284w, https:\/\/emk.hr\/wp-content\/uploads\/2025\/06\/Haecker-150x48.png 150w\" sizes=\"(max-width: 360px) 147px, (max-width: 284px) 100vw, 284px\" \/>\t\t\t\t\t\t\t\t\t\t\t\t\t\t\t<\/div>\n\t\t\t\t<\/div>\n\t\t\t\t<div class=\"elementor-element elementor-element-134155e elementor-widget elementor-widget-spacer\" data-id=\"134155e\" data-element_type=\"widget\" data-widget_type=\"spacer.default\">\n\t\t\t\t<div class=\"elementor-widget-container\">\n\t\t\t\t\t\t\t<div class=\"elementor-spacer\">\n\t\t\t<div class=\"elementor-spacer-inner\"><\/div>\n\t\t<\/div>\n\t\t\t\t\t\t<\/div>\n\t\t\t\t<\/div>\n\t\t\t\t<div class=\"elementor-element elementor-element-df47893 elementor-widget elementor-widget-text-editor\" data-id=\"df47893\" data-element_type=\"widget\" data-widget_type=\"text-editor.default\">\n\t\t\t\t<div class=\"elementor-widget-container\">\n\t\t\t\t\t\t\t\t\t<p>H\u00e4cker&#8217;s history began in 1898 when Hermann H\u00e4cker founded a joinery in R\u00f6dinghausen, and the tradition of quality and innovation has been passed down through the generations. Today, as a family-run business, H\u00e4cker produces kitchen furniture and appliances that make dreams come true all over the world.<\/p><p>The Systemat line offers compact kitchen concepts with unusual materials such as stone veneer and Calacatta ceramics, with 66 surfaces for a timeless design and smart technical solutions that add style and functionality to any space.<\/p><p>The concept130 line combines sophisticated functionality and aesthetics with endless design possibilities, offering styles from country to urban, with high-quality materials and customization to your wishes.<\/p><p>H\u00e4cker ensures maximum functionality and durability of its products, such as water- and weather-resistant edges thanks to the innovative PUResist technology, and high-quality worktops with a PerfectSense\u00ae coating that reduces fingerprints.<\/p><p>By choosing H\u00e4cker kitchens, you have made buying a new kitchen easier, because with professional assistance in planning according to your needs, the entire process has become simpler and tailored to your wishes and needs.<\/p>\t\t\t\t\t\t\t\t<\/div>\n\t\t\t\t<\/div>\n\t\t\t\t<div class=\"elementor-element elementor-element-e447725 elementor-widget elementor-widget-text-editor\" data-id=\"e447725\" data-element_type=\"widget\" data-widget_type=\"text-editor.default\">\n\t\t\t\t<div class=\"elementor-widget-container\">\n\t\t\t\t\t\t\t\t\t<p class=\"p2\"><a href=\"https:\/\/www.haecker-kuechen.com\/en\/\">More&#8230;<\/a><\/p>\t\t\t\t\t\t\t\t<\/div>\n\t\t\t\t<\/div>\n\t\t\t\t<\/div>\n\t\t\t\t<\/div>\n\t\t\t\t\t<\/div>\n\t\t<\/div>\n\t\t\t\t<div class=\"elementor-column elementor-col-50 elementor-top-column elementor-element elementor-element-9538515\" data-id=\"9538515\" data-element_type=\"column\" data-settings=\"{&quot;background_background&quot;:&quot;classic&quot;,&quot;mdp_selection_sticky_column_effect_enable&quot;:false}\">\n\t\t\t<div class=\"elementor-widget-wrap elementor-element-populated\">\n\t\t\t\t\t\t<div class=\"elementor-element elementor-element-f5920b0 elementor-widget elementor-widget-spacer\" data-id=\"f5920b0\" data-element_type=\"widget\" data-widget_type=\"spacer.default\">\n\t\t\t\t<div class=\"elementor-widget-container\">\n\t\t\t\t\t\t\t<div class=\"elementor-spacer\">\n\t\t\t<div class=\"elementor-spacer-inner\"><\/div>\n\t\t<\/div>\n\t\t\t\t\t\t<\/div>\n\t\t\t\t<\/div>\n\t\t\t\t<div class=\"elementor-element elementor-element-fbccc33 elementor-widget elementor-widget-image\" data-id=\"fbccc33\" data-element_type=\"widget\" data-widget_type=\"image.default\">\n\t\t\t\t<div class=\"elementor-widget-container\">\n\t\t\t\t\t\t\t\t\t\t\t\t\t\t\t<img fetchpriority=\"high\" decoding=\"async\" width=\"1000\" height=\"750\" src=\"https:\/\/emk.hr\/wp-content\/uploads\/2025\/06\/HACKER.jpg\" class=\"attachment-full size-full wp-image-11229\" alt=\"\" srcset=\"https:\/\/emk.hr\/wp-content\/uploads\/2025\/06\/HACKER.jpg 1000w, https:\/\/emk.hr\/wp-content\/uploads\/2025\/06\/HACKER-300x225.jpg 300w, https:\/\/emk.hr\/wp-content\/uploads\/2025\/06\/HACKER-768x576.jpg 768w, https:\/\/emk.hr\/wp-content\/uploads\/2025\/06\/HACKER-990x743.jpg 990w, https:\/\/emk.hr\/wp-content\/uploads\/2025\/06\/HACKER-441x331.jpg 441w, https:\/\/emk.hr\/wp-content\/uploads\/2025\/06\/HACKER-800x600.jpg 800w, https:\/\/emk.hr\/wp-content\/uploads\/2025\/06\/HACKER-150x113.jpg 150w\" sizes=\"(max-width: 360px) 147px, (max-width: 1000px) 100vw, 1000px\" \/>\t\t\t\t\t\t\t\t\t\t\t\t\t\t\t<\/div>\n\t\t\t\t<\/div>\n\t\t\t\t<div class=\"elementor-element elementor-element-b067257 elementor-widget elementor-widget-spacer\" data-id=\"b067257\" data-element_type=\"widget\" data-widget_type=\"spacer.default\">\n\t\t\t\t<div class=\"elementor-widget-container\">\n\t\t\t\t\t\t\t<div class=\"elementor-spacer\">\n\t\t\t<div class=\"elementor-spacer-inner\"><\/div>\n\t\t<\/div>\n\t\t\t\t\t\t<\/div>\n\t\t\t\t<\/div>\n\t\t\t\t\t<\/div>\n\t\t<\/div>\n\t\t\t\t\t<\/div>\n\t\t<\/section>\n\t\t\t\t<\/div>\n\t\t","protected":false},"excerpt":{"rendered":"<p>H\u00e4cker&#8217;s history began in 1898 when Hermann H\u00e4cker founded a joinery in R\u00f6dinghausen, and the tradition of quality and innovation has been passed down through the generations. Today, as a family-run business, H\u00e4cker produces kitchen furniture and appliances that make dreams come true all over the world. The Systemat line offers compact kitchen concepts with [&hellip;]<\/p>\n","protected":false},"author":1,"featured_media":0,"parent":0,"menu_order":10,"comment_status":"closed","ping_status":"closed","template":"template-canvas.php","meta":{"footnotes":""},"class_list":["post-10448","page","type-page","status-publish","hentry"],"yoast_head":"<!-- This site is optimized with the Yoast SEO plugin v27.3 - https:\/\/yoast.com\/product\/yoast-seo-wordpress\/ -->\n<title>H\u00c4CKER - Elektro mehanika Kova\u010di\u0107<\/title>\n<meta name=\"robots\" content=\"index, follow, max-snippet:-1, max-image-preview:large, max-video-preview:-1\" \/>\n<link rel=\"canonical\" href=\"https:\/\/emk.hr\/en\/hacker\/\" \/>\n<meta property=\"og:locale\" content=\"en_US\" \/>\n<meta property=\"og:type\" content=\"article\" \/>\n<meta property=\"og:title\" content=\"H\u00c4CKER - Elektro mehanika Kova\u010di\u0107\" \/>\n<meta property=\"og:description\" content=\"H\u00e4cker&#8217;s history began in 1898 when Hermann H\u00e4cker founded a joinery in R\u00f6dinghausen, and the tradition of quality and innovation has been passed down through the generations. Today, as a family-run business, H\u00e4cker produces kitchen furniture and appliances that make dreams come true all over the world. The Systemat line offers compact kitchen concepts with [&hellip;]\" \/>\n<meta property=\"og:url\" content=\"https:\/\/emk.hr\/en\/hacker\/\" \/>\n<meta property=\"og:site_name\" content=\"Elektro mehanika Kova\u010di\u0107\" \/>\n<meta property=\"article:modified_time\" content=\"2025-06-03T08:48:35+00:00\" \/>\n<meta property=\"og:image\" content=\"https:\/\/emk.hr\/wp-content\/uploads\/2025\/06\/Haecker.png\" \/>\n<meta name=\"twitter:card\" content=\"summary_large_image\" \/>\n<meta name=\"twitter:label1\" content=\"Est. reading time\" \/>\n\t<meta name=\"twitter:data1\" content=\"2 minutes\" \/>\n<script type=\"application\/ld+json\" class=\"yoast-schema-graph\">{\"@context\":\"https:\\\/\\\/schema.org\",\"@graph\":[{\"@type\":\"WebPage\",\"@id\":\"https:\\\/\\\/emk.hr\\\/en\\\/hacker\\\/\",\"url\":\"https:\\\/\\\/emk.hr\\\/en\\\/hacker\\\/\",\"name\":\"H\u00c4CKER - Elektro mehanika Kova\u010di\u0107\",\"isPartOf\":{\"@id\":\"https:\\\/\\\/emk.hr\\\/#website\"},\"primaryImageOfPage\":{\"@id\":\"https:\\\/\\\/emk.hr\\\/en\\\/hacker\\\/#primaryimage\"},\"image\":{\"@id\":\"https:\\\/\\\/emk.hr\\\/en\\\/hacker\\\/#primaryimage\"},\"thumbnailUrl\":\"https:\\\/\\\/emk.hr\\\/wp-content\\\/uploads\\\/2025\\\/06\\\/Haecker.png\",\"datePublished\":\"2025-04-06T07:23:19+00:00\",\"dateModified\":\"2025-06-03T08:48:35+00:00\",\"breadcrumb\":{\"@id\":\"https:\\\/\\\/emk.hr\\\/en\\\/hacker\\\/#breadcrumb\"},\"inLanguage\":\"en-US\",\"potentialAction\":[{\"@type\":\"ReadAction\",\"target\":[\"https:\\\/\\\/emk.hr\\\/en\\\/hacker\\\/\"]}]},{\"@type\":\"ImageObject\",\"inLanguage\":\"en-US\",\"@id\":\"https:\\\/\\\/emk.hr\\\/en\\\/hacker\\\/#primaryimage\",\"url\":\"https:\\\/\\\/emk.hr\\\/wp-content\\\/uploads\\\/2025\\\/06\\\/Haecker.png\",\"contentUrl\":\"https:\\\/\\\/emk.hr\\\/wp-content\\\/uploads\\\/2025\\\/06\\\/Haecker.png\"},{\"@type\":\"BreadcrumbList\",\"@id\":\"https:\\\/\\\/emk.hr\\\/en\\\/hacker\\\/#breadcrumb\",\"itemListElement\":[{\"@type\":\"ListItem\",\"position\":1,\"name\":\"Home\",\"item\":\"https:\\\/\\\/emk.hr\\\/\"},{\"@type\":\"ListItem\",\"position\":2,\"name\":\"H\u00c4CKER\"}]},{\"@type\":\"WebSite\",\"@id\":\"https:\\\/\\\/emk.hr\\\/#website\",\"url\":\"https:\\\/\\\/emk.hr\\\/\",\"name\":\"Elektro mehanika Kova\u010di\u0107\",\"description\":\"Odr\u017eavanje i servis\",\"publisher\":{\"@id\":\"https:\\\/\\\/emk.hr\\\/#organization\"},\"potentialAction\":[{\"@type\":\"SearchAction\",\"target\":{\"@type\":\"EntryPoint\",\"urlTemplate\":\"https:\\\/\\\/emk.hr\\\/?s={search_term_string}\"},\"query-input\":{\"@type\":\"PropertyValueSpecification\",\"valueRequired\":true,\"valueName\":\"search_term_string\"}}],\"inLanguage\":\"en-US\"},{\"@type\":\"Organization\",\"@id\":\"https:\\\/\\\/emk.hr\\\/#organization\",\"name\":\"Elektro mehanika Kova\u010di\u0107\",\"url\":\"https:\\\/\\\/emk.hr\\\/\",\"logo\":{\"@type\":\"ImageObject\",\"inLanguage\":\"en-US\",\"@id\":\"https:\\\/\\\/emk.hr\\\/#\\\/schema\\\/logo\\\/image\\\/\",\"url\":\"https:\\\/\\\/emk.hr\\\/wp-content\\\/uploads\\\/2025\\\/03\\\/cropped-EMK.png\",\"contentUrl\":\"https:\\\/\\\/emk.hr\\\/wp-content\\\/uploads\\\/2025\\\/03\\\/cropped-EMK.png\",\"width\":290,\"height\":87,\"caption\":\"Elektro mehanika Kova\u010di\u0107\"},\"image\":{\"@id\":\"https:\\\/\\\/emk.hr\\\/#\\\/schema\\\/logo\\\/image\\\/\"}}]}<\/script>\n<!-- \/ Yoast SEO plugin. -->","yoast_head_json":{"title":"H\u00c4CKER - Elektro mehanika Kova\u010di\u0107","robots":{"index":"index","follow":"follow","max-snippet":"max-snippet:-1","max-image-preview":"max-image-preview:large","max-video-preview":"max-video-preview:-1"},"canonical":"https:\/\/emk.hr\/en\/hacker\/","og_locale":"en_US","og_type":"article","og_title":"H\u00c4CKER - Elektro mehanika Kova\u010di\u0107","og_description":"H\u00e4cker&#8217;s history began in 1898 when Hermann H\u00e4cker founded a joinery in R\u00f6dinghausen, and the tradition of quality and innovation has been passed down through the generations. Today, as a family-run business, H\u00e4cker produces kitchen furniture and appliances that make dreams come true all over the world. The Systemat line offers compact kitchen concepts with [&hellip;]","og_url":"https:\/\/emk.hr\/en\/hacker\/","og_site_name":"Elektro mehanika Kova\u010di\u0107","article_modified_time":"2025-06-03T08:48:35+00:00","og_image":[{"url":"https:\/\/emk.hr\/wp-content\/uploads\/2025\/06\/Haecker.png","type":"","width":"","height":""}],"twitter_card":"summary_large_image","twitter_misc":{"Est. reading time":"2 minutes"},"schema":{"@context":"https:\/\/schema.org","@graph":[{"@type":"WebPage","@id":"https:\/\/emk.hr\/en\/hacker\/","url":"https:\/\/emk.hr\/en\/hacker\/","name":"H\u00c4CKER - Elektro mehanika Kova\u010di\u0107","isPartOf":{"@id":"https:\/\/emk.hr\/#website"},"primaryImageOfPage":{"@id":"https:\/\/emk.hr\/en\/hacker\/#primaryimage"},"image":{"@id":"https:\/\/emk.hr\/en\/hacker\/#primaryimage"},"thumbnailUrl":"https:\/\/emk.hr\/wp-content\/uploads\/2025\/06\/Haecker.png","datePublished":"2025-04-06T07:23:19+00:00","dateModified":"2025-06-03T08:48:35+00:00","breadcrumb":{"@id":"https:\/\/emk.hr\/en\/hacker\/#breadcrumb"},"inLanguage":"en-US","potentialAction":[{"@type":"ReadAction","target":["https:\/\/emk.hr\/en\/hacker\/"]}]},{"@type":"ImageObject","inLanguage":"en-US","@id":"https:\/\/emk.hr\/en\/hacker\/#primaryimage","url":"https:\/\/emk.hr\/wp-content\/uploads\/2025\/06\/Haecker.png","contentUrl":"https:\/\/emk.hr\/wp-content\/uploads\/2025\/06\/Haecker.png"},{"@type":"BreadcrumbList","@id":"https:\/\/emk.hr\/en\/hacker\/#breadcrumb","itemListElement":[{"@type":"ListItem","position":1,"name":"Home","item":"https:\/\/emk.hr\/"},{"@type":"ListItem","position":2,"name":"H\u00c4CKER"}]},{"@type":"WebSite","@id":"https:\/\/emk.hr\/#website","url":"https:\/\/emk.hr\/","name":"Elektro mehanika Kova\u010di\u0107","description":"Odr\u017eavanje i servis","publisher":{"@id":"https:\/\/emk.hr\/#organization"},"potentialAction":[{"@type":"SearchAction","target":{"@type":"EntryPoint","urlTemplate":"https:\/\/emk.hr\/?s={search_term_string}"},"query-input":{"@type":"PropertyValueSpecification","valueRequired":true,"valueName":"search_term_string"}}],"inLanguage":"en-US"},{"@type":"Organization","@id":"https:\/\/emk.hr\/#organization","name":"Elektro mehanika Kova\u010di\u0107","url":"https:\/\/emk.hr\/","logo":{"@type":"ImageObject","inLanguage":"en-US","@id":"https:\/\/emk.hr\/#\/schema\/logo\/image\/","url":"https:\/\/emk.hr\/wp-content\/uploads\/2025\/03\/cropped-EMK.png","contentUrl":"https:\/\/emk.hr\/wp-content\/uploads\/2025\/03\/cropped-EMK.png","width":290,"height":87,"caption":"Elektro mehanika Kova\u010di\u0107"},"image":{"@id":"https:\/\/emk.hr\/#\/schema\/logo\/image\/"}}]}},"_links":{"self":[{"href":"https:\/\/emk.hr\/en\/wp-json\/wp\/v2\/pages\/10448","targetHints":{"allow":["GET"]}}],"collection":[{"href":"https:\/\/emk.hr\/en\/wp-json\/wp\/v2\/pages"}],"about":[{"href":"https:\/\/emk.hr\/en\/wp-json\/wp\/v2\/types\/page"}],"author":[{"embeddable":true,"href":"https:\/\/emk.hr\/en\/wp-json\/wp\/v2\/users\/1"}],"replies":[{"embeddable":true,"href":"https:\/\/emk.hr\/en\/wp-json\/wp\/v2\/comments?post=10448"}],"version-history":[{"count":7,"href":"https:\/\/emk.hr\/en\/wp-json\/wp\/v2\/pages\/10448\/revisions"}],"predecessor-version":[{"id":11233,"href":"https:\/\/emk.hr\/en\/wp-json\/wp\/v2\/pages\/10448\/revisions\/11233"}],"wp:attachment":[{"href":"https:\/\/emk.hr\/en\/wp-json\/wp\/v2\/media?parent=10448"}],"curies":[{"name":"wp","href":"https:\/\/api.w.org\/{rel}","templated":true}]}}