{"id":10479,"date":"2025-04-06T08:39:11","date_gmt":"2025-04-06T07:39:11","guid":{"rendered":"https:\/\/emk.hr\/?page_id=10479"},"modified":"2025-06-03T09:28:01","modified_gmt":"2025-06-03T08:28:01","slug":"returns-and-complaints","status":"publish","type":"page","link":"https:\/\/emk.hr\/en\/returns-and-complaints\/","title":{"rendered":"RETURNS AND COMPLAINTS"},"content":{"rendered":"\t\t<div data-elementor-type=\"wp-post\" data-elementor-id=\"10479\" class=\"elementor elementor-10479 elementor-8014\" data-elementor-post-type=\"page\">\n\t\t\t\t\t\t<section class=\"elementor-section elementor-top-section elementor-element elementor-element-b7b44d5 elementor-section-boxed elementor-section-height-default elementor-section-height-default\" data-id=\"b7b44d5\" data-element_type=\"section\" data-settings=\"{&quot;mdp_selection_sticky_effect_enable&quot;:false}\">\n\t\t\t\t\t\t<div class=\"elementor-container elementor-column-gap-wider\">\n\t\t\t\t\t<div class=\"elementor-column elementor-col-100 elementor-top-column elementor-element elementor-element-cec73a0 elementor-invisible\" data-id=\"cec73a0\" data-element_type=\"column\" data-settings=\"{&quot;animation&quot;:&quot;fadeIn&quot;,&quot;animation_delay&quot;:200,&quot;mdp_selection_sticky_column_effect_enable&quot;:false}\">\n\t\t\t<div class=\"elementor-widget-wrap elementor-element-populated\">\n\t\t\t\t\t\t<div class=\"elementor-element elementor-element-ad6b88d elementor-widget elementor-widget-text-editor\" data-id=\"ad6b88d\" data-element_type=\"widget\" data-widget_type=\"text-editor.default\">\n\t\t\t\t<div class=\"elementor-widget-container\">\n\t\t\t\t\t\t\t\t\t<h2>Terms of return and complaints<\/h2><p>If you find, upon first use, that the product you received is defective or you are not satisfied with it, please contact us and follow the steps listed:<\/p><p>Send us information with the order number, invoice number or your username and a description of the complaint by e-mail to info@emk.hr or via the contact form on the website https:\/\/emk.hr.<\/p><p>We will send you a confirmation of receipt of the complaint and, based on your description of the complaint, information about:<\/p><p>\u2013 whether the product can be exchanged for a new one,<\/p><p>\u2013 whether the product can be refunded,<br \/>\u2013 or whether the product needs to be sent to an authorized service center.<\/p><p>In cases where the product can be exchanged for a new one and when the product can be refunded, we send a delivery service to your address that collects the complained product and returns it to our warehouse. When the product arrives at the warehouse, we send you a notification about the refund\/sending of the replacement product. The refund\/replacement for a new product will be processed within 2-3 business days, and no later than after 15 business days. Otherwise, contact us by e-mail at info@emk.hr or via the contact form on the page https:\/\/emk.hr.<\/p><p>In case the product needs to be sent to an authorized service center, we will send you all the information of the authorized service center.<\/p><p>If the shipment is damaged during transport, such damage is visible when you pick up the shipment, and in that case, please do not pick up the shipment. If you find the damage after opening the shipment, keep the original packaging (as proof that the damage was not visible during collection). Please contact us so that we can check the condition of the shipment and process the complaint as soon as possible.<\/p>\t\t\t\t\t\t\t\t<\/div>\n\t\t\t\t<\/div>\n\t\t\t\t\t<\/div>\n\t\t<\/div>\n\t\t\t\t\t<\/div>\n\t\t<\/section>\n\t\t\t\t<\/div>\n\t\t","protected":false},"excerpt":{"rendered":"<p>Terms of return and complaints If you find, upon first use, that the product you received is defective or you are not satisfied with it, please contact us and follow the steps listed: Send us information with the order number, invoice number or your username and a description of the complaint by e-mail to info@emk.hr [&hellip;]<\/p>\n","protected":false},"author":1,"featured_media":0,"parent":0,"menu_order":19,"comment_status":"closed","ping_status":"closed","template":"template-canvas.php","meta":{"footnotes":""},"class_list":["post-10479","page","type-page","status-publish","hentry"],"yoast_head":"<!-- This site is optimized with the Yoast SEO plugin v27.3 - https:\/\/yoast.com\/product\/yoast-seo-wordpress\/ -->\n<title>RETURNS AND COMPLAINTS - Elektro mehanika Kova\u010di\u0107<\/title>\n<meta name=\"robots\" content=\"index, follow, max-snippet:-1, max-image-preview:large, max-video-preview:-1\" \/>\n<link rel=\"canonical\" href=\"https:\/\/emk.hr\/en\/returns-and-complaints\/\" \/>\n<meta property=\"og:locale\" content=\"en_US\" \/>\n<meta property=\"og:type\" content=\"article\" \/>\n<meta property=\"og:title\" content=\"RETURNS AND COMPLAINTS - Elektro mehanika Kova\u010di\u0107\" \/>\n<meta property=\"og:description\" content=\"Terms of return and complaints If you find, upon first use, that the product you received is defective or you are not satisfied with it, please contact us and follow the steps listed: Send us information with the order number, invoice number or your username and a description of the complaint by e-mail to info@emk.hr [&hellip;]\" \/>\n<meta property=\"og:url\" content=\"https:\/\/emk.hr\/en\/returns-and-complaints\/\" \/>\n<meta property=\"og:site_name\" content=\"Elektro mehanika Kova\u010di\u0107\" \/>\n<meta property=\"article:modified_time\" content=\"2025-06-03T08:28:01+00:00\" \/>\n<meta name=\"twitter:card\" content=\"summary_large_image\" \/>\n<meta name=\"twitter:label1\" content=\"Est. reading time\" \/>\n\t<meta name=\"twitter:data1\" content=\"2 minutes\" \/>\n<script type=\"application\/ld+json\" class=\"yoast-schema-graph\">{\"@context\":\"https:\\\/\\\/schema.org\",\"@graph\":[{\"@type\":\"WebPage\",\"@id\":\"https:\\\/\\\/emk.hr\\\/en\\\/returns-and-complaints\\\/\",\"url\":\"https:\\\/\\\/emk.hr\\\/en\\\/returns-and-complaints\\\/\",\"name\":\"RETURNS AND COMPLAINTS - Elektro mehanika Kova\u010di\u0107\",\"isPartOf\":{\"@id\":\"https:\\\/\\\/emk.hr\\\/#website\"},\"datePublished\":\"2025-04-06T07:39:11+00:00\",\"dateModified\":\"2025-06-03T08:28:01+00:00\",\"breadcrumb\":{\"@id\":\"https:\\\/\\\/emk.hr\\\/en\\\/returns-and-complaints\\\/#breadcrumb\"},\"inLanguage\":\"en-US\",\"potentialAction\":[{\"@type\":\"ReadAction\",\"target\":[\"https:\\\/\\\/emk.hr\\\/en\\\/returns-and-complaints\\\/\"]}]},{\"@type\":\"BreadcrumbList\",\"@id\":\"https:\\\/\\\/emk.hr\\\/en\\\/returns-and-complaints\\\/#breadcrumb\",\"itemListElement\":[{\"@type\":\"ListItem\",\"position\":1,\"name\":\"Home\",\"item\":\"https:\\\/\\\/emk.hr\\\/\"},{\"@type\":\"ListItem\",\"position\":2,\"name\":\"RETURNS AND COMPLAINTS\"}]},{\"@type\":\"WebSite\",\"@id\":\"https:\\\/\\\/emk.hr\\\/#website\",\"url\":\"https:\\\/\\\/emk.hr\\\/\",\"name\":\"Elektro mehanika Kova\u010di\u0107\",\"description\":\"Odr\u017eavanje i servis\",\"publisher\":{\"@id\":\"https:\\\/\\\/emk.hr\\\/#organization\"},\"potentialAction\":[{\"@type\":\"SearchAction\",\"target\":{\"@type\":\"EntryPoint\",\"urlTemplate\":\"https:\\\/\\\/emk.hr\\\/?s={search_term_string}\"},\"query-input\":{\"@type\":\"PropertyValueSpecification\",\"valueRequired\":true,\"valueName\":\"search_term_string\"}}],\"inLanguage\":\"en-US\"},{\"@type\":\"Organization\",\"@id\":\"https:\\\/\\\/emk.hr\\\/#organization\",\"name\":\"Elektro mehanika Kova\u010di\u0107\",\"url\":\"https:\\\/\\\/emk.hr\\\/\",\"logo\":{\"@type\":\"ImageObject\",\"inLanguage\":\"en-US\",\"@id\":\"https:\\\/\\\/emk.hr\\\/#\\\/schema\\\/logo\\\/image\\\/\",\"url\":\"https:\\\/\\\/emk.hr\\\/wp-content\\\/uploads\\\/2025\\\/03\\\/cropped-EMK.png\",\"contentUrl\":\"https:\\\/\\\/emk.hr\\\/wp-content\\\/uploads\\\/2025\\\/03\\\/cropped-EMK.png\",\"width\":290,\"height\":87,\"caption\":\"Elektro mehanika Kova\u010di\u0107\"},\"image\":{\"@id\":\"https:\\\/\\\/emk.hr\\\/#\\\/schema\\\/logo\\\/image\\\/\"}}]}<\/script>\n<!-- \/ Yoast SEO plugin. -->","yoast_head_json":{"title":"RETURNS AND COMPLAINTS - Elektro mehanika Kova\u010di\u0107","robots":{"index":"index","follow":"follow","max-snippet":"max-snippet:-1","max-image-preview":"max-image-preview:large","max-video-preview":"max-video-preview:-1"},"canonical":"https:\/\/emk.hr\/en\/returns-and-complaints\/","og_locale":"en_US","og_type":"article","og_title":"RETURNS AND COMPLAINTS - Elektro mehanika Kova\u010di\u0107","og_description":"Terms of return and complaints If you find, upon first use, that the product you received is defective or you are not satisfied with it, please contact us and follow the steps listed: Send us information with the order number, invoice number or your username and a description of the complaint by e-mail to info@emk.hr [&hellip;]","og_url":"https:\/\/emk.hr\/en\/returns-and-complaints\/","og_site_name":"Elektro mehanika Kova\u010di\u0107","article_modified_time":"2025-06-03T08:28:01+00:00","twitter_card":"summary_large_image","twitter_misc":{"Est. reading time":"2 minutes"},"schema":{"@context":"https:\/\/schema.org","@graph":[{"@type":"WebPage","@id":"https:\/\/emk.hr\/en\/returns-and-complaints\/","url":"https:\/\/emk.hr\/en\/returns-and-complaints\/","name":"RETURNS AND COMPLAINTS - Elektro mehanika Kova\u010di\u0107","isPartOf":{"@id":"https:\/\/emk.hr\/#website"},"datePublished":"2025-04-06T07:39:11+00:00","dateModified":"2025-06-03T08:28:01+00:00","breadcrumb":{"@id":"https:\/\/emk.hr\/en\/returns-and-complaints\/#breadcrumb"},"inLanguage":"en-US","potentialAction":[{"@type":"ReadAction","target":["https:\/\/emk.hr\/en\/returns-and-complaints\/"]}]},{"@type":"BreadcrumbList","@id":"https:\/\/emk.hr\/en\/returns-and-complaints\/#breadcrumb","itemListElement":[{"@type":"ListItem","position":1,"name":"Home","item":"https:\/\/emk.hr\/"},{"@type":"ListItem","position":2,"name":"RETURNS AND COMPLAINTS"}]},{"@type":"WebSite","@id":"https:\/\/emk.hr\/#website","url":"https:\/\/emk.hr\/","name":"Elektro mehanika Kova\u010di\u0107","description":"Odr\u017eavanje i servis","publisher":{"@id":"https:\/\/emk.hr\/#organization"},"potentialAction":[{"@type":"SearchAction","target":{"@type":"EntryPoint","urlTemplate":"https:\/\/emk.hr\/?s={search_term_string}"},"query-input":{"@type":"PropertyValueSpecification","valueRequired":true,"valueName":"search_term_string"}}],"inLanguage":"en-US"},{"@type":"Organization","@id":"https:\/\/emk.hr\/#organization","name":"Elektro mehanika Kova\u010di\u0107","url":"https:\/\/emk.hr\/","logo":{"@type":"ImageObject","inLanguage":"en-US","@id":"https:\/\/emk.hr\/#\/schema\/logo\/image\/","url":"https:\/\/emk.hr\/wp-content\/uploads\/2025\/03\/cropped-EMK.png","contentUrl":"https:\/\/emk.hr\/wp-content\/uploads\/2025\/03\/cropped-EMK.png","width":290,"height":87,"caption":"Elektro mehanika Kova\u010di\u0107"},"image":{"@id":"https:\/\/emk.hr\/#\/schema\/logo\/image\/"}}]}},"_links":{"self":[{"href":"https:\/\/emk.hr\/en\/wp-json\/wp\/v2\/pages\/10479","targetHints":{"allow":["GET"]}}],"collection":[{"href":"https:\/\/emk.hr\/en\/wp-json\/wp\/v2\/pages"}],"about":[{"href":"https:\/\/emk.hr\/en\/wp-json\/wp\/v2\/types\/page"}],"author":[{"embeddable":true,"href":"https:\/\/emk.hr\/en\/wp-json\/wp\/v2\/users\/1"}],"replies":[{"embeddable":true,"href":"https:\/\/emk.hr\/en\/wp-json\/wp\/v2\/comments?post=10479"}],"version-history":[{"count":7,"href":"https:\/\/emk.hr\/en\/wp-json\/wp\/v2\/pages\/10479\/revisions"}],"predecessor-version":[{"id":11194,"href":"https:\/\/emk.hr\/en\/wp-json\/wp\/v2\/pages\/10479\/revisions\/11194"}],"wp:attachment":[{"href":"https:\/\/emk.hr\/en\/wp-json\/wp\/v2\/media?parent=10479"}],"curies":[{"name":"wp","href":"https:\/\/api.w.org\/{rel}","templated":true}]}}