{"id":9211,"date":"2025-03-17T15:35:37","date_gmt":"2025-03-17T14:35:37","guid":{"rendered":"https:\/\/emk.hr\/?page_id=9211"},"modified":"2026-04-08T17:27:10","modified_gmt":"2026-04-08T16:27:10","slug":"about-us","status":"publish","type":"page","link":"https:\/\/emk.hr\/en\/about-us\/","title":{"rendered":"ABOUT US"},"content":{"rendered":"\t\t<div data-elementor-type=\"wp-post\" data-elementor-id=\"9211\" class=\"elementor elementor-9211 elementor-7196\" data-elementor-post-type=\"page\">\n\t\t\t\t\t\t<section class=\"elementor-section elementor-top-section elementor-element elementor-element-c6b05ff elementor-section-boxed elementor-section-height-default elementor-section-height-default\" data-id=\"c6b05ff\" data-element_type=\"section\" data-settings=\"{&quot;background_background&quot;:&quot;classic&quot;,&quot;mdp_selection_sticky_effect_enable&quot;:false}\">\n\t\t\t\t\t\t\t<div class=\"elementor-background-overlay\"><\/div>\n\t\t\t\t\t\t\t<div class=\"elementor-container elementor-column-gap-default\">\n\t\t\t\t\t<div class=\"elementor-column elementor-col-50 elementor-top-column elementor-element elementor-element-fb1ce3f\" data-id=\"fb1ce3f\" data-element_type=\"column\" data-settings=\"{&quot;mdp_selection_sticky_column_effect_enable&quot;:false}\">\n\t\t\t<div class=\"elementor-widget-wrap elementor-element-populated\">\n\t\t\t\t\t\t<div class=\"elementor-element elementor-element-426880f elementor-widget elementor-widget-image\" data-id=\"426880f\" data-element_type=\"widget\" data-widget_type=\"image.default\">\n\t\t\t\t<div class=\"elementor-widget-container\">\n\t\t\t\t\t\t\t\t\t\t\t\t\t\t\t<img fetchpriority=\"high\" decoding=\"async\" width=\"1024\" height=\"576\" src=\"https:\/\/emk.hr\/wp-content\/uploads\/2025\/04\/DSC9357-scaled-1-1024x576.jpg\" class=\"attachment-large size-large wp-image-10333\" alt=\"\" srcset=\"https:\/\/emk.hr\/wp-content\/uploads\/2025\/04\/DSC9357-scaled-1-1024x576.jpg 1024w, https:\/\/emk.hr\/wp-content\/uploads\/2025\/04\/DSC9357-scaled-1-300x169.jpg 300w, https:\/\/emk.hr\/wp-content\/uploads\/2025\/04\/DSC9357-scaled-1-768x432.jpg 768w, https:\/\/emk.hr\/wp-content\/uploads\/2025\/04\/DSC9357-scaled-1-1536x864.jpg 1536w, https:\/\/emk.hr\/wp-content\/uploads\/2025\/04\/DSC9357-scaled-1-2048x1152.jpg 2048w, https:\/\/emk.hr\/wp-content\/uploads\/2025\/04\/DSC9357-scaled-1-990x557.jpg 990w, https:\/\/emk.hr\/wp-content\/uploads\/2025\/04\/DSC9357-scaled-1-441x248.jpg 441w, https:\/\/emk.hr\/wp-content\/uploads\/2025\/04\/DSC9357-scaled-1-800x450.jpg 800w, https:\/\/emk.hr\/wp-content\/uploads\/2025\/04\/DSC9357-scaled-1-150x84.jpg 150w\" sizes=\"(max-width: 360px) 147px, (max-width: 1024px) 100vw, 1024px\" \/>\t\t\t\t\t\t\t\t\t\t\t\t\t\t\t<\/div>\n\t\t\t\t<\/div>\n\t\t\t\t<div class=\"elementor-element elementor-element-8c279a6 elementor-widget elementor-widget-image\" data-id=\"8c279a6\" data-element_type=\"widget\" data-widget_type=\"image.default\">\n\t\t\t\t<div class=\"elementor-widget-container\">\n\t\t\t\t\t\t\t\t\t\t\t\t\t\t\t<img decoding=\"async\" width=\"1200\" height=\"800\" src=\"https:\/\/emk.hr\/wp-content\/uploads\/2025\/04\/christmas-eve-and-new-year-decor-P5MQ9FD.jpg\" class=\"attachment-full size-full wp-image-10335\" alt=\"\" srcset=\"https:\/\/emk.hr\/wp-content\/uploads\/2025\/04\/christmas-eve-and-new-year-decor-P5MQ9FD.jpg 1200w, https:\/\/emk.hr\/wp-content\/uploads\/2025\/04\/christmas-eve-and-new-year-decor-P5MQ9FD-300x200.jpg 300w, https:\/\/emk.hr\/wp-content\/uploads\/2025\/04\/christmas-eve-and-new-year-decor-P5MQ9FD-1024x683.jpg 1024w, https:\/\/emk.hr\/wp-content\/uploads\/2025\/04\/christmas-eve-and-new-year-decor-P5MQ9FD-768x512.jpg 768w, https:\/\/emk.hr\/wp-content\/uploads\/2025\/04\/christmas-eve-and-new-year-decor-P5MQ9FD-990x660.jpg 990w, https:\/\/emk.hr\/wp-content\/uploads\/2025\/04\/christmas-eve-and-new-year-decor-P5MQ9FD-441x294.jpg 441w, https:\/\/emk.hr\/wp-content\/uploads\/2025\/04\/christmas-eve-and-new-year-decor-P5MQ9FD-800x533.jpg 800w, https:\/\/emk.hr\/wp-content\/uploads\/2025\/04\/christmas-eve-and-new-year-decor-P5MQ9FD-150x100.jpg 150w\" sizes=\"(max-width: 360px) 147px, (max-width: 1200px) 100vw, 1200px\" \/>\t\t\t\t\t\t\t\t\t\t\t\t\t\t\t<\/div>\n\t\t\t\t<\/div>\n\t\t\t\t\t<\/div>\n\t\t<\/div>\n\t\t\t\t<div class=\"elementor-column elementor-col-50 elementor-top-column elementor-element elementor-element-7ca4ed6\" data-id=\"7ca4ed6\" data-element_type=\"column\" data-settings=\"{&quot;mdp_selection_sticky_column_effect_enable&quot;:false}\">\n\t\t\t<div class=\"elementor-widget-wrap elementor-element-populated\">\n\t\t\t\t\t\t<div class=\"elementor-element elementor-element-2ff4f3b elementor-widget elementor-widget-text-editor\" data-id=\"2ff4f3b\" data-element_type=\"widget\" data-widget_type=\"text-editor.default\">\n\t\t\t\t<div class=\"elementor-widget-container\">\n\t\t\t\t\t\t\t\t\t<p>With many years of experience in designing and building custom kitchens, Elektro mehanika Kova\u010di\u0107 creates spaces that perfectly suit your needs and style. Our personalized approach includes a complete process \u2013 from initial sketches and planning to installation, to ensure that every aspect of your new space meets the highest standards.<\/p><p>Our modular kitchen system allows for flexibility in design, with a wide selection of materials, colors and finishes that easily adapt to contemporary interiors. In collaboration with leading German brands such as Next125 and Sch\u00fcller, we offer high-quality kitchens that combine superior functionality and timeless design.<\/p>\t\t\t\t\t\t\t\t<\/div>\n\t\t\t\t<\/div>\n\t\t\t\t\t<\/div>\n\t\t<\/div>\n\t\t\t\t\t<\/div>\n\t\t<\/section>\n\t\t<div class=\"elementor-element elementor-element-a7a6349 e-flex e-con-boxed e-con e-parent\" data-id=\"a7a6349\" data-element_type=\"container\" data-settings=\"{&quot;background_background&quot;:&quot;classic&quot;}\">\n\t\t\t\t\t<div class=\"e-con-inner\">\n\t\t<div class=\"elementor-element elementor-element-06f15ac e-con-full e-flex e-con e-child\" data-id=\"06f15ac\" data-element_type=\"container\">\n\t\t\t\t<div class=\"elementor-element elementor-element-d0a6c6e elementor-widget__width-initial elementor-absolute elementor-hidden-tablet elementor-hidden-mobile elementor-widget elementor-widget-image\" data-id=\"d0a6c6e\" data-element_type=\"widget\" data-settings=\"{&quot;_position&quot;:&quot;absolute&quot;}\" data-widget_type=\"image.default\">\n\t\t\t\t<div class=\"elementor-widget-container\">\n\t\t\t\t\t\t\t\t\t\t\t\t\t\t\t<img decoding=\"async\" width=\"249\" height=\"268\" src=\"https:\/\/emk.hr\/wp-content\/uploads\/2025\/04\/Circle2.png\" class=\"attachment-large size-large wp-image-10337\" alt=\"\" srcset=\"https:\/\/emk.hr\/wp-content\/uploads\/2025\/04\/Circle2.png 249w, https:\/\/emk.hr\/wp-content\/uploads\/2025\/04\/Circle2-150x161.png 150w\" sizes=\"(max-width: 360px) 147px, (max-width: 249px) 100vw, 249px\" \/>\t\t\t\t\t\t\t\t\t\t\t\t\t\t\t<\/div>\n\t\t\t\t<\/div>\n\t\t\t\t<div class=\"elementor-element elementor-element-be0fded elementor-widget elementor-widget-spacer\" data-id=\"be0fded\" data-element_type=\"widget\" data-widget_type=\"spacer.default\">\n\t\t\t\t<div class=\"elementor-widget-container\">\n\t\t\t\t\t\t\t<div class=\"elementor-spacer\">\n\t\t\t<div class=\"elementor-spacer-inner\"><\/div>\n\t\t<\/div>\n\t\t\t\t\t\t<\/div>\n\t\t\t\t<\/div>\n\t\t\t\t<div class=\"elementor-element elementor-element-d728177 elementor-invisible elementor-widget elementor-widget-text-editor\" data-id=\"d728177\" data-element_type=\"widget\" data-settings=\"{&quot;_animation&quot;:&quot;fadeInLeft&quot;}\" data-widget_type=\"text-editor.default\">\n\t\t\t\t<div class=\"elementor-widget-container\">\n\t\t\t\t\t\t\t\t\t<div class=\"wpb_column vc_column_container vc_col-sm-6\"><div class=\"vc_column-inner\"><div class=\"wpb_wrapper\"><div class=\"wpb_text_column wpb_content_element \"><div class=\"wpb_wrapper\"><h4>SERVICES<\/h4><ul><li>Purchasing advice\u017e<\/li><li>Kitchen and space designD<\/li><li>elivery and installation of household appliances<\/li><li>Maintenance and service<\/li><\/ul><\/div><\/div><\/div><\/div><\/div><div class=\"wpb_column vc_column_container vc_col-sm-6\"><div class=\"vc_column-inner\"><div class=\"wpb_wrapper\"><div class=\"wpb_text_column wpb_content_element \"><div class=\"wpb_wrapper\"><h4>SERVICE AND MAINTENANCE OF HOUSEHOLD APPLIANCES<\/h4><p><span style=\"color: #000000;\"><strong><a style=\"color: #000000;\" href=\"https:\/\/www.miele.hr\/\">Miele<\/a>,\u00a0<a style=\"color: #000000;\" href=\"https:\/\/www.bora.com\/\">Bora<\/a>,\u00a0<a style=\"color: #000000;\" href=\"https:\/\/www.fosterspa.com\/\">Foster<\/a>, <a style=\"color: #000000;\" href=\"https:\/\/www.gaggenau.com\/\">Gaggenau, <\/a><\/strong><\/span><strong><span style=\"color: #000000;\"><a style=\"color: #000000;\" href=\"https:\/\/www.liebherr.com\/hr-hr\/hladnjaci-zamrzivaci\/kucanski-aparati-3074713\">Liebherr<\/a><\/span><\/strong><\/p><\/div><\/div><\/div><\/div><\/div><div class=\"wpb_column vc_column_container vc_col-sm-6\"><div class=\"vc_column-inner\"><div class=\"wpb_wrapper\"><div class=\"wpb_text_column wpb_content_element \"><div class=\"wpb_wrapper\"><h4>INFORMATION DATA<\/h4><p><span style=\"color: #000000;\"><strong>Elektro mehanika Kova\u010di\u0107 d.o.o.<\/strong><\/span><\/p><p><span style=\"color: #000000;\"><a style=\"color: #000000;\" href=\"https:\/\/www.google.com\/maps\/place\/Korana+6C,+10000,+Zagreb\/@45.8459063,16.0051944,918m\/data=!3m2!1e3!4b1!4m6!3m5!1s0x4765d7810f17966d:0x7648f1f29668c5c!8m2!3d45.8459026!4d16.0077693!16s%2Fg%2F11tjgcgbk3?entry=ttu&amp;g_ep=EgoyMDI1MDMxMi4wIKXMDSoASAFQAw%3D%3D\">Korana 6c<\/a> (Gornji Bukovac)<\/span><br \/><span style=\"color: #000000;\">10000 Zagreb<\/span><br \/><span style=\"color: #000000;\">OIB:\u00a078440981294<\/span><br \/><span style=\"color: #000000;\">IBAN: HR3023600001102180469<\/span><br \/><span style=\"color: #000000;\">+385 1 2300 727<\/span><br \/><span style=\"color: #000000;\">+385 91 5593 136<\/span><br \/><span style=\"color: #000000;\"><a style=\"color: #000000;\" href=\"mailto:info@emk.hr\">info@emk.hr<\/a><\/span><\/p><\/div><\/div><\/div><\/div><\/div>\t\t\t\t\t\t\t\t<\/div>\n\t\t\t\t<\/div>\n\t\t\t\t<\/div>\n\t\t<div class=\"elementor-element elementor-element-c410af5 e-con-full e-flex e-con e-child\" data-id=\"c410af5\" data-element_type=\"container\">\n\t\t\t\t<div class=\"elementor-element elementor-element-90d72f0 elementor-widget elementor-widget-spacer\" data-id=\"90d72f0\" data-element_type=\"widget\" data-widget_type=\"spacer.default\">\n\t\t\t\t<div class=\"elementor-widget-container\">\n\t\t\t\t\t\t\t<div class=\"elementor-spacer\">\n\t\t\t<div class=\"elementor-spacer-inner\"><\/div>\n\t\t<\/div>\n\t\t\t\t\t\t<\/div>\n\t\t\t\t<\/div>\n\t\t\t\t<div class=\"elementor-element elementor-element-8dba85b elementor-widget elementor-widget-image\" data-id=\"8dba85b\" data-element_type=\"widget\" data-widget_type=\"image.default\">\n\t\t\t\t<div class=\"elementor-widget-container\">\n\t\t\t\t\t\t\t\t\t\t\t\t\t\t\t<img loading=\"lazy\" decoding=\"async\" width=\"1024\" height=\"683\" src=\"https:\/\/emk.hr\/wp-content\/uploads\/2025\/04\/DSC9340-scaled-1-1024x683.jpg\" class=\"attachment-large size-large wp-image-10341\" alt=\"\" srcset=\"https:\/\/emk.hr\/wp-content\/uploads\/2025\/04\/DSC9340-scaled-1-1024x683.jpg 1024w, https:\/\/emk.hr\/wp-content\/uploads\/2025\/04\/DSC9340-scaled-1-300x200.jpg 300w, https:\/\/emk.hr\/wp-content\/uploads\/2025\/04\/DSC9340-scaled-1-768x512.jpg 768w, https:\/\/emk.hr\/wp-content\/uploads\/2025\/04\/DSC9340-scaled-1-1536x1024.jpg 1536w, https:\/\/emk.hr\/wp-content\/uploads\/2025\/04\/DSC9340-scaled-1-2048x1366.jpg 2048w, https:\/\/emk.hr\/wp-content\/uploads\/2025\/04\/DSC9340-scaled-1-990x660.jpg 990w, https:\/\/emk.hr\/wp-content\/uploads\/2025\/04\/DSC9340-scaled-1-441x294.jpg 441w, https:\/\/emk.hr\/wp-content\/uploads\/2025\/04\/DSC9340-scaled-1-800x533.jpg 800w, https:\/\/emk.hr\/wp-content\/uploads\/2025\/04\/DSC9340-scaled-1-150x100.jpg 150w\" sizes=\"(max-width: 360px) 147px, (max-width: 1024px) 100vw, 1024px\" \/>\t\t\t\t\t\t\t\t\t\t\t\t\t\t\t<\/div>\n\t\t\t\t<\/div>\n\t\t\t\t<\/div>\n\t\t\t\t\t<\/div>\n\t\t\t\t<\/div>\n\t\t\t\t<\/div>\n\t\t","protected":false},"excerpt":{"rendered":"<p>With many years of experience in designing and building custom kitchens, Elektro mehanika Kova\u010di\u0107 creates spaces that perfectly suit your needs and style. Our personalized approach includes a complete process \u2013 from initial sketches and planning to installation, to ensure that every aspect of your new space meets the highest standards. Our modular kitchen system [&hellip;]<\/p>\n","protected":false},"author":1,"featured_media":0,"parent":0,"menu_order":3,"comment_status":"closed","ping_status":"closed","template":"template-canvas.php","meta":{"footnotes":""},"class_list":["post-9211","page","type-page","status-publish","hentry"],"yoast_head":"<!-- This site is optimized with the Yoast SEO plugin v27.3 - https:\/\/yoast.com\/product\/yoast-seo-wordpress\/ -->\n<title>ABOUT US - Elektro mehanika Kova\u010di\u0107<\/title>\n<meta name=\"robots\" content=\"index, follow, max-snippet:-1, max-image-preview:large, max-video-preview:-1\" \/>\n<link rel=\"canonical\" href=\"https:\/\/emk.hr\/o-nama\/\" \/>\n<meta property=\"og:locale\" content=\"en_US\" \/>\n<meta property=\"og:type\" content=\"article\" \/>\n<meta property=\"og:title\" content=\"ABOUT US - Elektro mehanika Kova\u010di\u0107\" \/>\n<meta property=\"og:description\" content=\"With many years of experience in designing and building custom kitchens, Elektro mehanika Kova\u010di\u0107 creates spaces that perfectly suit your needs and style. Our personalized approach includes a complete process \u2013 from initial sketches and planning to installation, to ensure that every aspect of your new space meets the highest standards. Our modular kitchen system [&hellip;]\" \/>\n<meta property=\"og:url\" content=\"https:\/\/emk.hr\/o-nama\/\" \/>\n<meta property=\"og:site_name\" content=\"Elektro mehanika Kova\u010di\u0107\" \/>\n<meta property=\"article:modified_time\" content=\"2026-04-08T16:27:10+00:00\" \/>\n<meta property=\"og:image\" content=\"https:\/\/emk.hr\/wp-content\/uploads\/2025\/04\/DSC9357-scaled-1.jpg\" \/>\n\t<meta property=\"og:image:width\" content=\"2560\" \/>\n\t<meta property=\"og:image:height\" content=\"1440\" \/>\n\t<meta property=\"og:image:type\" content=\"image\/jpeg\" \/>\n<meta name=\"twitter:card\" content=\"summary_large_image\" \/>\n<meta name=\"twitter:label1\" content=\"Est. reading time\" \/>\n\t<meta name=\"twitter:data1\" content=\"2 minutes\" \/>\n<script type=\"application\/ld+json\" class=\"yoast-schema-graph\">{\"@context\":\"https:\\\/\\\/schema.org\",\"@graph\":[{\"@type\":\"WebPage\",\"@id\":\"https:\\\/\\\/emk.hr\\\/o-nama\\\/\",\"url\":\"https:\\\/\\\/emk.hr\\\/o-nama\\\/\",\"name\":\"ABOUT US - Elektro mehanika Kova\u010di\u0107\",\"isPartOf\":{\"@id\":\"https:\\\/\\\/emk.hr\\\/#website\"},\"primaryImageOfPage\":{\"@id\":\"https:\\\/\\\/emk.hr\\\/o-nama\\\/#primaryimage\"},\"image\":{\"@id\":\"https:\\\/\\\/emk.hr\\\/o-nama\\\/#primaryimage\"},\"thumbnailUrl\":\"https:\\\/\\\/emk.hr\\\/wp-content\\\/uploads\\\/2025\\\/04\\\/DSC9357-scaled-1-1024x576.jpg\",\"datePublished\":\"2025-03-17T14:35:37+00:00\",\"dateModified\":\"2026-04-08T16:27:10+00:00\",\"breadcrumb\":{\"@id\":\"https:\\\/\\\/emk.hr\\\/o-nama\\\/#breadcrumb\"},\"inLanguage\":\"en-US\",\"potentialAction\":[{\"@type\":\"ReadAction\",\"target\":[\"https:\\\/\\\/emk.hr\\\/o-nama\\\/\"]}]},{\"@type\":\"ImageObject\",\"inLanguage\":\"en-US\",\"@id\":\"https:\\\/\\\/emk.hr\\\/o-nama\\\/#primaryimage\",\"url\":\"https:\\\/\\\/emk.hr\\\/wp-content\\\/uploads\\\/2025\\\/04\\\/DSC9357-scaled-1-1024x576.jpg\",\"contentUrl\":\"https:\\\/\\\/emk.hr\\\/wp-content\\\/uploads\\\/2025\\\/04\\\/DSC9357-scaled-1-1024x576.jpg\"},{\"@type\":\"BreadcrumbList\",\"@id\":\"https:\\\/\\\/emk.hr\\\/o-nama\\\/#breadcrumb\",\"itemListElement\":[{\"@type\":\"ListItem\",\"position\":1,\"name\":\"Home\",\"item\":\"https:\\\/\\\/emk.hr\\\/\"},{\"@type\":\"ListItem\",\"position\":2,\"name\":\"ABOUT US\"}]},{\"@type\":\"WebSite\",\"@id\":\"https:\\\/\\\/emk.hr\\\/#website\",\"url\":\"https:\\\/\\\/emk.hr\\\/\",\"name\":\"Elektro mehanika Kova\u010di\u0107\",\"description\":\"Odr\u017eavanje i servis\",\"publisher\":{\"@id\":\"https:\\\/\\\/emk.hr\\\/#organization\"},\"potentialAction\":[{\"@type\":\"SearchAction\",\"target\":{\"@type\":\"EntryPoint\",\"urlTemplate\":\"https:\\\/\\\/emk.hr\\\/?s={search_term_string}\"},\"query-input\":{\"@type\":\"PropertyValueSpecification\",\"valueRequired\":true,\"valueName\":\"search_term_string\"}}],\"inLanguage\":\"en-US\"},{\"@type\":\"Organization\",\"@id\":\"https:\\\/\\\/emk.hr\\\/#organization\",\"name\":\"Elektro mehanika Kova\u010di\u0107\",\"url\":\"https:\\\/\\\/emk.hr\\\/\",\"logo\":{\"@type\":\"ImageObject\",\"inLanguage\":\"en-US\",\"@id\":\"https:\\\/\\\/emk.hr\\\/#\\\/schema\\\/logo\\\/image\\\/\",\"url\":\"https:\\\/\\\/emk.hr\\\/wp-content\\\/uploads\\\/2025\\\/03\\\/cropped-EMK.png\",\"contentUrl\":\"https:\\\/\\\/emk.hr\\\/wp-content\\\/uploads\\\/2025\\\/03\\\/cropped-EMK.png\",\"width\":290,\"height\":87,\"caption\":\"Elektro mehanika Kova\u010di\u0107\"},\"image\":{\"@id\":\"https:\\\/\\\/emk.hr\\\/#\\\/schema\\\/logo\\\/image\\\/\"}}]}<\/script>\n<!-- \/ Yoast SEO plugin. -->","yoast_head_json":{"title":"ABOUT US - Elektro mehanika Kova\u010di\u0107","robots":{"index":"index","follow":"follow","max-snippet":"max-snippet:-1","max-image-preview":"max-image-preview:large","max-video-preview":"max-video-preview:-1"},"canonical":"https:\/\/emk.hr\/o-nama\/","og_locale":"en_US","og_type":"article","og_title":"ABOUT US - Elektro mehanika Kova\u010di\u0107","og_description":"With many years of experience in designing and building custom kitchens, Elektro mehanika Kova\u010di\u0107 creates spaces that perfectly suit your needs and style. Our personalized approach includes a complete process \u2013 from initial sketches and planning to installation, to ensure that every aspect of your new space meets the highest standards. Our modular kitchen system [&hellip;]","og_url":"https:\/\/emk.hr\/o-nama\/","og_site_name":"Elektro mehanika Kova\u010di\u0107","article_modified_time":"2026-04-08T16:27:10+00:00","og_image":[{"width":2560,"height":1440,"url":"https:\/\/emk.hr\/wp-content\/uploads\/2025\/04\/DSC9357-scaled-1.jpg","type":"image\/jpeg"}],"twitter_card":"summary_large_image","twitter_misc":{"Est. reading time":"2 minutes"},"schema":{"@context":"https:\/\/schema.org","@graph":[{"@type":"WebPage","@id":"https:\/\/emk.hr\/o-nama\/","url":"https:\/\/emk.hr\/o-nama\/","name":"ABOUT US - Elektro mehanika Kova\u010di\u0107","isPartOf":{"@id":"https:\/\/emk.hr\/#website"},"primaryImageOfPage":{"@id":"https:\/\/emk.hr\/o-nama\/#primaryimage"},"image":{"@id":"https:\/\/emk.hr\/o-nama\/#primaryimage"},"thumbnailUrl":"https:\/\/emk.hr\/wp-content\/uploads\/2025\/04\/DSC9357-scaled-1-1024x576.jpg","datePublished":"2025-03-17T14:35:37+00:00","dateModified":"2026-04-08T16:27:10+00:00","breadcrumb":{"@id":"https:\/\/emk.hr\/o-nama\/#breadcrumb"},"inLanguage":"en-US","potentialAction":[{"@type":"ReadAction","target":["https:\/\/emk.hr\/o-nama\/"]}]},{"@type":"ImageObject","inLanguage":"en-US","@id":"https:\/\/emk.hr\/o-nama\/#primaryimage","url":"https:\/\/emk.hr\/wp-content\/uploads\/2025\/04\/DSC9357-scaled-1-1024x576.jpg","contentUrl":"https:\/\/emk.hr\/wp-content\/uploads\/2025\/04\/DSC9357-scaled-1-1024x576.jpg"},{"@type":"BreadcrumbList","@id":"https:\/\/emk.hr\/o-nama\/#breadcrumb","itemListElement":[{"@type":"ListItem","position":1,"name":"Home","item":"https:\/\/emk.hr\/"},{"@type":"ListItem","position":2,"name":"ABOUT US"}]},{"@type":"WebSite","@id":"https:\/\/emk.hr\/#website","url":"https:\/\/emk.hr\/","name":"Elektro mehanika Kova\u010di\u0107","description":"Odr\u017eavanje i servis","publisher":{"@id":"https:\/\/emk.hr\/#organization"},"potentialAction":[{"@type":"SearchAction","target":{"@type":"EntryPoint","urlTemplate":"https:\/\/emk.hr\/?s={search_term_string}"},"query-input":{"@type":"PropertyValueSpecification","valueRequired":true,"valueName":"search_term_string"}}],"inLanguage":"en-US"},{"@type":"Organization","@id":"https:\/\/emk.hr\/#organization","name":"Elektro mehanika Kova\u010di\u0107","url":"https:\/\/emk.hr\/","logo":{"@type":"ImageObject","inLanguage":"en-US","@id":"https:\/\/emk.hr\/#\/schema\/logo\/image\/","url":"https:\/\/emk.hr\/wp-content\/uploads\/2025\/03\/cropped-EMK.png","contentUrl":"https:\/\/emk.hr\/wp-content\/uploads\/2025\/03\/cropped-EMK.png","width":290,"height":87,"caption":"Elektro mehanika Kova\u010di\u0107"},"image":{"@id":"https:\/\/emk.hr\/#\/schema\/logo\/image\/"}}]}},"_links":{"self":[{"href":"https:\/\/emk.hr\/en\/wp-json\/wp\/v2\/pages\/9211","targetHints":{"allow":["GET"]}}],"collection":[{"href":"https:\/\/emk.hr\/en\/wp-json\/wp\/v2\/pages"}],"about":[{"href":"https:\/\/emk.hr\/en\/wp-json\/wp\/v2\/types\/page"}],"author":[{"embeddable":true,"href":"https:\/\/emk.hr\/en\/wp-json\/wp\/v2\/users\/1"}],"replies":[{"embeddable":true,"href":"https:\/\/emk.hr\/en\/wp-json\/wp\/v2\/comments?post=9211"}],"version-history":[{"count":16,"href":"https:\/\/emk.hr\/en\/wp-json\/wp\/v2\/pages\/9211\/revisions"}],"predecessor-version":[{"id":11330,"href":"https:\/\/emk.hr\/en\/wp-json\/wp\/v2\/pages\/9211\/revisions\/11330"}],"wp:attachment":[{"href":"https:\/\/emk.hr\/en\/wp-json\/wp\/v2\/media?parent=9211"}],"curies":[{"name":"wp","href":"https:\/\/api.w.org\/{rel}","templated":true}]}}