{"id":9271,"date":"2025-03-17T17:42:14","date_gmt":"2025-03-17T16:42:14","guid":{"rendered":"https:\/\/emk.hr\/?page_id=9271"},"modified":"2025-03-20T07:55:35","modified_gmt":"2025-03-20T06:55:35","slug":"my-account","status":"publish","type":"page","link":"https:\/\/emk.hr\/en\/my-account\/","title":{"rendered":"MY ACCOUNT"},"content":{"rendered":"\t\t<div data-elementor-type=\"wp-page\" data-elementor-id=\"9271\" class=\"elementor elementor-9271 elementor-24\" data-elementor-post-type=\"page\">\n\t\t\t\t<div class=\"elementor-element elementor-element-980b2de e-con-full e-flex e-con e-parent\" data-id=\"980b2de\" data-element_type=\"container\">\n\t\t<div class=\"elementor-element elementor-element-7908413 e-con-full e-flex e-con e-child\" data-id=\"7908413\" data-element_type=\"container\">\n\t\t\t\t<div class=\"elementor-element elementor-element-234d95bc elementor-widget elementor-widget-text-editor\" data-id=\"234d95bc\" data-element_type=\"widget\" data-widget_type=\"text-editor.default\">\n\t\t\t\t<div class=\"elementor-widget-container\">\n\t\t\t\t\t\t\t\t\t<div class=\"woocommerce\"><\/div>\t\t\t\t\t\t\t\t<\/div>\n\t\t\t\t<\/div>\n\t\t\t\t<\/div>\n\t\t<div class=\"elementor-element elementor-element-a8595c9 e-con-full e-flex e-con e-child\" data-id=\"a8595c9\" data-element_type=\"container\">\n\t\t\t\t<div class=\"elementor-element elementor-element-cf3c00a elementor-widget elementor-widget-sidebar\" data-id=\"cf3c00a\" data-element_type=\"widget\" data-widget_type=\"sidebar.default\">\n\t\t\t\t<div class=\"elementor-widget-container\">\n\t\t\t\t\t<div id=\"text-26\" class=\"widget widget_text\"><span class=\"gamma widget-title\">REQUEST AN OFFER<\/span>\t\t\t<div class=\"textwidget\"><p><a href=\"tel:+38512300727\">+385 1 2300 727<\/a><br \/>\n<a href=\"tel:+385915593136\">+385 91 5593 136<\/a><br \/>\n<a href=\"mailto:info@emk.hr\">info@emk.hr<\/a><br \/>\n<a href=\"mailto:servis@emk.hr\">servis@emk.hr<\/a><\/p>\n<\/div>\n\t\t<\/div>\t\t\t\t<\/div>\n\t\t\t\t<\/div>\n\t\t\t\t<\/div>\n\t\t\t\t<\/div>\n\t\t<div class=\"elementor-element elementor-element-dcf3394 e-flex e-con-boxed e-con e-parent\" data-id=\"dcf3394\" data-element_type=\"container\">\n\t\t\t\t\t<div class=\"e-con-inner\">\n\t\t\t\t\t<\/div>\n\t\t\t\t<\/div>\n\t\t\t\t<\/div>\n\t\t","protected":false},"excerpt":{"rendered":"","protected":false},"author":1,"featured_media":0,"parent":0,"menu_order":7,"comment_status":"closed","ping_status":"closed","template":"template-canvas.php","meta":{"footnotes":""},"class_list":["post-9271","page","type-page","status-publish","hentry"],"yoast_head":"<!-- This site is optimized with the Yoast SEO plugin v27.3 - https:\/\/yoast.com\/product\/yoast-seo-wordpress\/ -->\n<title>MY ACCOUNT - Elektro mehanika Kova\u010di\u0107<\/title>\n<meta name=\"robots\" content=\"index, follow, max-snippet:-1, max-image-preview:large, max-video-preview:-1\" \/>\n<link rel=\"canonical\" href=\"https:\/\/emk.hr\/moj-racun\/\" \/>\n<meta property=\"og:locale\" content=\"en_US\" \/>\n<meta property=\"og:type\" content=\"article\" \/>\n<meta property=\"og:title\" content=\"MY ACCOUNT - Elektro mehanika Kova\u010di\u0107\" \/>\n<meta property=\"og:url\" content=\"https:\/\/emk.hr\/moj-racun\/\" \/>\n<meta property=\"og:site_name\" content=\"Elektro mehanika Kova\u010di\u0107\" \/>\n<meta property=\"article:modified_time\" content=\"2025-03-20T06:55:35+00:00\" \/>\n<meta name=\"twitter:card\" content=\"summary_large_image\" \/>\n<script type=\"application\/ld+json\" class=\"yoast-schema-graph\">{\"@context\":\"https:\\\/\\\/schema.org\",\"@graph\":[{\"@type\":\"WebPage\",\"@id\":\"https:\\\/\\\/emk.hr\\\/moj-racun\\\/\",\"url\":\"https:\\\/\\\/emk.hr\\\/moj-racun\\\/\",\"name\":\"MY ACCOUNT - Elektro mehanika Kova\u010di\u0107\",\"isPartOf\":{\"@id\":\"https:\\\/\\\/emk.hr\\\/#website\"},\"datePublished\":\"2025-03-17T16:42:14+00:00\",\"dateModified\":\"2025-03-20T06:55:35+00:00\",\"breadcrumb\":{\"@id\":\"https:\\\/\\\/emk.hr\\\/moj-racun\\\/#breadcrumb\"},\"inLanguage\":\"en-US\",\"potentialAction\":[{\"@type\":\"ReadAction\",\"target\":[\"https:\\\/\\\/emk.hr\\\/moj-racun\\\/\"]}]},{\"@type\":\"BreadcrumbList\",\"@id\":\"https:\\\/\\\/emk.hr\\\/moj-racun\\\/#breadcrumb\",\"itemListElement\":[{\"@type\":\"ListItem\",\"position\":1,\"name\":\"Home\",\"item\":\"https:\\\/\\\/emk.hr\\\/\"},{\"@type\":\"ListItem\",\"position\":2,\"name\":\"MY ACCOUNT\"}]},{\"@type\":\"WebSite\",\"@id\":\"https:\\\/\\\/emk.hr\\\/#website\",\"url\":\"https:\\\/\\\/emk.hr\\\/\",\"name\":\"Elektro mehanika Kova\u010di\u0107\",\"description\":\"Odr\u017eavanje i servis\",\"publisher\":{\"@id\":\"https:\\\/\\\/emk.hr\\\/#organization\"},\"potentialAction\":[{\"@type\":\"SearchAction\",\"target\":{\"@type\":\"EntryPoint\",\"urlTemplate\":\"https:\\\/\\\/emk.hr\\\/?s={search_term_string}\"},\"query-input\":{\"@type\":\"PropertyValueSpecification\",\"valueRequired\":true,\"valueName\":\"search_term_string\"}}],\"inLanguage\":\"en-US\"},{\"@type\":\"Organization\",\"@id\":\"https:\\\/\\\/emk.hr\\\/#organization\",\"name\":\"Elektro mehanika Kova\u010di\u0107\",\"url\":\"https:\\\/\\\/emk.hr\\\/\",\"logo\":{\"@type\":\"ImageObject\",\"inLanguage\":\"en-US\",\"@id\":\"https:\\\/\\\/emk.hr\\\/#\\\/schema\\\/logo\\\/image\\\/\",\"url\":\"https:\\\/\\\/emk.hr\\\/wp-content\\\/uploads\\\/2025\\\/03\\\/cropped-EMK.png\",\"contentUrl\":\"https:\\\/\\\/emk.hr\\\/wp-content\\\/uploads\\\/2025\\\/03\\\/cropped-EMK.png\",\"width\":290,\"height\":87,\"caption\":\"Elektro mehanika Kova\u010di\u0107\"},\"image\":{\"@id\":\"https:\\\/\\\/emk.hr\\\/#\\\/schema\\\/logo\\\/image\\\/\"}}]}<\/script>\n<!-- \/ Yoast SEO plugin. -->","yoast_head_json":{"title":"MY ACCOUNT - Elektro mehanika Kova\u010di\u0107","robots":{"index":"index","follow":"follow","max-snippet":"max-snippet:-1","max-image-preview":"max-image-preview:large","max-video-preview":"max-video-preview:-1"},"canonical":"https:\/\/emk.hr\/moj-racun\/","og_locale":"en_US","og_type":"article","og_title":"MY ACCOUNT - Elektro mehanika Kova\u010di\u0107","og_url":"https:\/\/emk.hr\/moj-racun\/","og_site_name":"Elektro mehanika Kova\u010di\u0107","article_modified_time":"2025-03-20T06:55:35+00:00","twitter_card":"summary_large_image","schema":{"@context":"https:\/\/schema.org","@graph":[{"@type":"WebPage","@id":"https:\/\/emk.hr\/moj-racun\/","url":"https:\/\/emk.hr\/moj-racun\/","name":"MY ACCOUNT - Elektro mehanika Kova\u010di\u0107","isPartOf":{"@id":"https:\/\/emk.hr\/#website"},"datePublished":"2025-03-17T16:42:14+00:00","dateModified":"2025-03-20T06:55:35+00:00","breadcrumb":{"@id":"https:\/\/emk.hr\/moj-racun\/#breadcrumb"},"inLanguage":"en-US","potentialAction":[{"@type":"ReadAction","target":["https:\/\/emk.hr\/moj-racun\/"]}]},{"@type":"BreadcrumbList","@id":"https:\/\/emk.hr\/moj-racun\/#breadcrumb","itemListElement":[{"@type":"ListItem","position":1,"name":"Home","item":"https:\/\/emk.hr\/"},{"@type":"ListItem","position":2,"name":"MY ACCOUNT"}]},{"@type":"WebSite","@id":"https:\/\/emk.hr\/#website","url":"https:\/\/emk.hr\/","name":"Elektro mehanika Kova\u010di\u0107","description":"Odr\u017eavanje i servis","publisher":{"@id":"https:\/\/emk.hr\/#organization"},"potentialAction":[{"@type":"SearchAction","target":{"@type":"EntryPoint","urlTemplate":"https:\/\/emk.hr\/?s={search_term_string}"},"query-input":{"@type":"PropertyValueSpecification","valueRequired":true,"valueName":"search_term_string"}}],"inLanguage":"en-US"},{"@type":"Organization","@id":"https:\/\/emk.hr\/#organization","name":"Elektro mehanika Kova\u010di\u0107","url":"https:\/\/emk.hr\/","logo":{"@type":"ImageObject","inLanguage":"en-US","@id":"https:\/\/emk.hr\/#\/schema\/logo\/image\/","url":"https:\/\/emk.hr\/wp-content\/uploads\/2025\/03\/cropped-EMK.png","contentUrl":"https:\/\/emk.hr\/wp-content\/uploads\/2025\/03\/cropped-EMK.png","width":290,"height":87,"caption":"Elektro mehanika Kova\u010di\u0107"},"image":{"@id":"https:\/\/emk.hr\/#\/schema\/logo\/image\/"}}]}},"_links":{"self":[{"href":"https:\/\/emk.hr\/en\/wp-json\/wp\/v2\/pages\/9271","targetHints":{"allow":["GET"]}}],"collection":[{"href":"https:\/\/emk.hr\/en\/wp-json\/wp\/v2\/pages"}],"about":[{"href":"https:\/\/emk.hr\/en\/wp-json\/wp\/v2\/types\/page"}],"author":[{"embeddable":true,"href":"https:\/\/emk.hr\/en\/wp-json\/wp\/v2\/users\/1"}],"replies":[{"embeddable":true,"href":"https:\/\/emk.hr\/en\/wp-json\/wp\/v2\/comments?post=9271"}],"version-history":[{"count":4,"href":"https:\/\/emk.hr\/en\/wp-json\/wp\/v2\/pages\/9271\/revisions"}],"predecessor-version":[{"id":9434,"href":"https:\/\/emk.hr\/en\/wp-json\/wp\/v2\/pages\/9271\/revisions\/9434"}],"wp:attachment":[{"href":"https:\/\/emk.hr\/en\/wp-json\/wp\/v2\/media?parent=9271"}],"curies":[{"name":"wp","href":"https:\/\/api.w.org\/{rel}","templated":true}]}}