{"id":8157,"date":"2024-11-04T13:41:12","date_gmt":"2024-11-04T12:41:12","guid":{"rendered":"https:\/\/emk.hr\/product\/qvac-vacuum-set-stainless-steel\/"},"modified":"2024-11-04T13:41:12","modified_gmt":"2024-11-04T12:41:12","slug":"qvac-vacuum-set-stainless-steel","status":"publish","type":"product","link":"https:\/\/emk.hr\/en\/product\/qvac-vacuum-set-stainless-steel\/","title":{"rendered":"QVac Vacuum set Stainless Steel"},"content":{"rendered":"","protected":false},"excerpt":{"rendered":"<p><a href=\"https:\/\/www.bora.com\/gb\/gb\/lighting\/bora-horizon\/product\/lhfsw\/\">https:\/\/www.bora.com\/gb\/gb\/lighting\/bora-horizon\/product\/lhfsw\/<\/a><\/p>\n","protected":false},"featured_media":7402,"template":"","meta":[],"product_brand":[],"product_cat":[83,84],"product_tag":[],"class_list":{"0":"post-8157","1":"product","2":"type-product","3":"status-publish","4":"has-post-thumbnail","6":"product_cat-bora-accessories","7":"product_cat-bora-qvac-en","9":"first","10":"onbackorder","11":"taxable","12":"shipping-taxable","13":"purchasable","14":"product-type-simple"},"yoast_head":"<!-- This site is optimized with the Yoast SEO plugin v27.3 - https:\/\/yoast.com\/product\/yoast-seo-wordpress\/ -->\n<title>QVac Vacuum set Stainless Steel - Elektro mehanika Kova\u010di\u0107<\/title>\n<meta name=\"robots\" content=\"index, follow, max-snippet:-1, max-image-preview:large, max-video-preview:-1\" \/>\n<link rel=\"canonical\" href=\"https:\/\/emk.hr\/proizvod\/qvac-vacuum-set-stainless-steel\/\" \/>\n<meta property=\"og:locale\" content=\"en_US\" \/>\n<meta property=\"og:type\" content=\"article\" \/>\n<meta property=\"og:title\" content=\"QVac Vacuum set Stainless Steel - Elektro mehanika Kova\u010di\u0107\" \/>\n<meta property=\"og:description\" content=\"https:\/\/www.bora.com\/gb\/gb\/lighting\/bora-horizon\/product\/lhfsw\/\" \/>\n<meta property=\"og:url\" content=\"https:\/\/emk.hr\/proizvod\/qvac-vacuum-set-stainless-steel\/\" \/>\n<meta property=\"og:site_name\" content=\"Elektro mehanika Kova\u010di\u0107\" \/>\n<meta property=\"og:image\" content=\"https:\/\/emk.hr\/wp-content\/uploads\/2024\/11\/qvacab_19395.png\" \/>\n\t<meta property=\"og:image:width\" content=\"261\" \/>\n\t<meta property=\"og:image:height\" content=\"184\" \/>\n\t<meta property=\"og:image:type\" content=\"image\/png\" \/>\n<meta name=\"twitter:card\" content=\"summary_large_image\" \/>\n<script type=\"application\/ld+json\" class=\"yoast-schema-graph\">{\"@context\":\"https:\\\/\\\/schema.org\",\"@graph\":[{\"@type\":\"WebPage\",\"@id\":\"https:\\\/\\\/emk.hr\\\/proizvod\\\/qvac-vacuum-set-stainless-steel\\\/\",\"url\":\"https:\\\/\\\/emk.hr\\\/proizvod\\\/qvac-vacuum-set-stainless-steel\\\/\",\"name\":\"QVac Vacuum set Stainless Steel - Elektro mehanika Kova\u010di\u0107\",\"isPartOf\":{\"@id\":\"https:\\\/\\\/emk.hr\\\/#website\"},\"primaryImageOfPage\":{\"@id\":\"https:\\\/\\\/emk.hr\\\/proizvod\\\/qvac-vacuum-set-stainless-steel\\\/#primaryimage\"},\"image\":{\"@id\":\"https:\\\/\\\/emk.hr\\\/proizvod\\\/qvac-vacuum-set-stainless-steel\\\/#primaryimage\"},\"thumbnailUrl\":\"https:\\\/\\\/emk.hr\\\/wp-content\\\/uploads\\\/2024\\\/11\\\/qvacab_19395.png\",\"datePublished\":\"2024-11-04T12:41:12+00:00\",\"breadcrumb\":{\"@id\":\"https:\\\/\\\/emk.hr\\\/proizvod\\\/qvac-vacuum-set-stainless-steel\\\/#breadcrumb\"},\"inLanguage\":\"en-US\",\"potentialAction\":[{\"@type\":\"ReadAction\",\"target\":[\"https:\\\/\\\/emk.hr\\\/proizvod\\\/qvac-vacuum-set-stainless-steel\\\/\"]}]},{\"@type\":\"ImageObject\",\"inLanguage\":\"en-US\",\"@id\":\"https:\\\/\\\/emk.hr\\\/proizvod\\\/qvac-vacuum-set-stainless-steel\\\/#primaryimage\",\"url\":\"https:\\\/\\\/emk.hr\\\/wp-content\\\/uploads\\\/2024\\\/11\\\/qvacab_19395.png\",\"contentUrl\":\"https:\\\/\\\/emk.hr\\\/wp-content\\\/uploads\\\/2024\\\/11\\\/qvacab_19395.png\",\"width\":261,\"height\":184},{\"@type\":\"BreadcrumbList\",\"@id\":\"https:\\\/\\\/emk.hr\\\/proizvod\\\/qvac-vacuum-set-stainless-steel\\\/#breadcrumb\",\"itemListElement\":[{\"@type\":\"ListItem\",\"position\":1,\"name\":\"Home\",\"item\":\"https:\\\/\\\/emk.hr\\\/\"},{\"@type\":\"ListItem\",\"position\":2,\"name\":\"WEB CATALOGUE\",\"item\":\"https:\\\/\\\/emk.hr\\\/en\\\/web-catalogue\\\/\"},{\"@type\":\"ListItem\",\"position\":3,\"name\":\"QVac Vacuum set Stainless Steel\"}]},{\"@type\":\"WebSite\",\"@id\":\"https:\\\/\\\/emk.hr\\\/#website\",\"url\":\"https:\\\/\\\/emk.hr\\\/\",\"name\":\"Elektro mehanika Kova\u010di\u0107\",\"description\":\"Odr\u017eavanje i servis\",\"publisher\":{\"@id\":\"https:\\\/\\\/emk.hr\\\/#organization\"},\"potentialAction\":[{\"@type\":\"SearchAction\",\"target\":{\"@type\":\"EntryPoint\",\"urlTemplate\":\"https:\\\/\\\/emk.hr\\\/?s={search_term_string}\"},\"query-input\":{\"@type\":\"PropertyValueSpecification\",\"valueRequired\":true,\"valueName\":\"search_term_string\"}}],\"inLanguage\":\"en-US\"},{\"@type\":\"Organization\",\"@id\":\"https:\\\/\\\/emk.hr\\\/#organization\",\"name\":\"Elektro mehanika Kova\u010di\u0107\",\"url\":\"https:\\\/\\\/emk.hr\\\/\",\"logo\":{\"@type\":\"ImageObject\",\"inLanguage\":\"en-US\",\"@id\":\"https:\\\/\\\/emk.hr\\\/#\\\/schema\\\/logo\\\/image\\\/\",\"url\":\"https:\\\/\\\/emk.hr\\\/wp-content\\\/uploads\\\/2025\\\/03\\\/cropped-EMK.png\",\"contentUrl\":\"https:\\\/\\\/emk.hr\\\/wp-content\\\/uploads\\\/2025\\\/03\\\/cropped-EMK.png\",\"width\":290,\"height\":87,\"caption\":\"Elektro mehanika Kova\u010di\u0107\"},\"image\":{\"@id\":\"https:\\\/\\\/emk.hr\\\/#\\\/schema\\\/logo\\\/image\\\/\"}}]}<\/script>\n<!-- \/ Yoast SEO plugin. -->","yoast_head_json":{"title":"QVac Vacuum set Stainless Steel - Elektro mehanika Kova\u010di\u0107","robots":{"index":"index","follow":"follow","max-snippet":"max-snippet:-1","max-image-preview":"max-image-preview:large","max-video-preview":"max-video-preview:-1"},"canonical":"https:\/\/emk.hr\/proizvod\/qvac-vacuum-set-stainless-steel\/","og_locale":"en_US","og_type":"article","og_title":"QVac Vacuum set Stainless Steel - Elektro mehanika Kova\u010di\u0107","og_description":"https:\/\/www.bora.com\/gb\/gb\/lighting\/bora-horizon\/product\/lhfsw\/","og_url":"https:\/\/emk.hr\/proizvod\/qvac-vacuum-set-stainless-steel\/","og_site_name":"Elektro mehanika Kova\u010di\u0107","og_image":[{"width":261,"height":184,"url":"https:\/\/emk.hr\/wp-content\/uploads\/2024\/11\/qvacab_19395.png","type":"image\/png"}],"twitter_card":"summary_large_image","schema":{"@context":"https:\/\/schema.org","@graph":[{"@type":"WebPage","@id":"https:\/\/emk.hr\/proizvod\/qvac-vacuum-set-stainless-steel\/","url":"https:\/\/emk.hr\/proizvod\/qvac-vacuum-set-stainless-steel\/","name":"QVac Vacuum set Stainless Steel - Elektro mehanika Kova\u010di\u0107","isPartOf":{"@id":"https:\/\/emk.hr\/#website"},"primaryImageOfPage":{"@id":"https:\/\/emk.hr\/proizvod\/qvac-vacuum-set-stainless-steel\/#primaryimage"},"image":{"@id":"https:\/\/emk.hr\/proizvod\/qvac-vacuum-set-stainless-steel\/#primaryimage"},"thumbnailUrl":"https:\/\/emk.hr\/wp-content\/uploads\/2024\/11\/qvacab_19395.png","datePublished":"2024-11-04T12:41:12+00:00","breadcrumb":{"@id":"https:\/\/emk.hr\/proizvod\/qvac-vacuum-set-stainless-steel\/#breadcrumb"},"inLanguage":"en-US","potentialAction":[{"@type":"ReadAction","target":["https:\/\/emk.hr\/proizvod\/qvac-vacuum-set-stainless-steel\/"]}]},{"@type":"ImageObject","inLanguage":"en-US","@id":"https:\/\/emk.hr\/proizvod\/qvac-vacuum-set-stainless-steel\/#primaryimage","url":"https:\/\/emk.hr\/wp-content\/uploads\/2024\/11\/qvacab_19395.png","contentUrl":"https:\/\/emk.hr\/wp-content\/uploads\/2024\/11\/qvacab_19395.png","width":261,"height":184},{"@type":"BreadcrumbList","@id":"https:\/\/emk.hr\/proizvod\/qvac-vacuum-set-stainless-steel\/#breadcrumb","itemListElement":[{"@type":"ListItem","position":1,"name":"Home","item":"https:\/\/emk.hr\/"},{"@type":"ListItem","position":2,"name":"WEB CATALOGUE","item":"https:\/\/emk.hr\/en\/web-catalogue\/"},{"@type":"ListItem","position":3,"name":"QVac Vacuum set Stainless Steel"}]},{"@type":"WebSite","@id":"https:\/\/emk.hr\/#website","url":"https:\/\/emk.hr\/","name":"Elektro mehanika Kova\u010di\u0107","description":"Odr\u017eavanje i servis","publisher":{"@id":"https:\/\/emk.hr\/#organization"},"potentialAction":[{"@type":"SearchAction","target":{"@type":"EntryPoint","urlTemplate":"https:\/\/emk.hr\/?s={search_term_string}"},"query-input":{"@type":"PropertyValueSpecification","valueRequired":true,"valueName":"search_term_string"}}],"inLanguage":"en-US"},{"@type":"Organization","@id":"https:\/\/emk.hr\/#organization","name":"Elektro mehanika Kova\u010di\u0107","url":"https:\/\/emk.hr\/","logo":{"@type":"ImageObject","inLanguage":"en-US","@id":"https:\/\/emk.hr\/#\/schema\/logo\/image\/","url":"https:\/\/emk.hr\/wp-content\/uploads\/2025\/03\/cropped-EMK.png","contentUrl":"https:\/\/emk.hr\/wp-content\/uploads\/2025\/03\/cropped-EMK.png","width":290,"height":87,"caption":"Elektro mehanika Kova\u010di\u0107"},"image":{"@id":"https:\/\/emk.hr\/#\/schema\/logo\/image\/"}}]}},"_links":{"self":[{"href":"https:\/\/emk.hr\/en\/wp-json\/wp\/v2\/product\/8157","targetHints":{"allow":["GET"]}}],"collection":[{"href":"https:\/\/emk.hr\/en\/wp-json\/wp\/v2\/product"}],"about":[{"href":"https:\/\/emk.hr\/en\/wp-json\/wp\/v2\/types\/product"}],"wp:featuredmedia":[{"embeddable":true,"href":"https:\/\/emk.hr\/en\/wp-json\/wp\/v2\/media\/7402"}],"wp:attachment":[{"href":"https:\/\/emk.hr\/en\/wp-json\/wp\/v2\/media?parent=8157"}],"wp:term":[{"taxonomy":"product_brand","embeddable":true,"href":"https:\/\/emk.hr\/en\/wp-json\/wp\/v2\/product_brand?post=8157"},{"taxonomy":"product_cat","embeddable":true,"href":"https:\/\/emk.hr\/en\/wp-json\/wp\/v2\/product_cat?post=8157"},{"taxonomy":"product_tag","embeddable":true,"href":"https:\/\/emk.hr\/en\/wp-json\/wp\/v2\/product_tag?post=8157"}],"curies":[{"name":"wp","href":"https:\/\/api.w.org\/{rel}","templated":true}]}}